
	
{"id":11,"date":"2022-06-11T10:19:10","date_gmt":"2022-06-11T08:19:10","guid":{"rendered":"http:\/\/web616.login-15.loginserver.ch\/?page_id=11"},"modified":"2025-11-20T11:56:48","modified_gmt":"2025-11-20T09:56:48","slug":"wellness","status":"publish","type":"page","link":"https:\/\/www.cresta.ch\/fr\/wellness\/","title":{"rendered":"Wellness"},"content":{"rendered":"<p><\/p>\n<h1>Wellness\u00a0\u00bbAuas sparsas\u00a0\u00bb<\/h1>\n<p><a href=\"https:\/\/www.cresta.ch\/wp-content\/uploads\/2016\/09\/Scan0001.jpg\"><img loading=\"lazy\" decoding=\"async\" class=\"alignright wp-image-2794 size-medium\" src=\"https:\/\/www.cresta.ch\/wp-content\/uploads\/2016\/09\/Scan0001-218x300.jpg\" alt=\"Wellnessbereich \u00dcbersicht\" width=\"218\" height=\"300\" srcset=\"https:\/\/www.cresta.ch\/wp-content\/uploads\/2016\/09\/Scan0001-218x300.jpg 218w, https:\/\/www.cresta.ch\/wp-content\/uploads\/2016\/09\/Scan0001-744x1024.jpg 744w, https:\/\/www.cresta.ch\/wp-content\/uploads\/2016\/09\/Scan0001-600x825.jpg 600w, https:\/\/www.cresta.ch\/wp-content\/uploads\/2016\/09\/Scan0001-250x343.jpg 250w, https:\/\/www.cresta.ch\/wp-content\/uploads\/2016\/09\/Scan0001.jpg 1700w\" sizes=\"auto, (max-width: 218px) 100vw, 218px\" \/><\/a>Auas sparsas est aussi le nom de la belle r\u00e9gion romantique et sauvage pr\u00e8s du lac Cresta, entre Flims et Trin. Dans notre fantastique wellness (1200 m2) vous trouverez diff\u00e9rentes saunas, bains de vapeur, bains de bulles, caldarium, bain de pieds Kneipp, salles de repos, de musculation et de massage, des pelouses pour prendre un bain de soleil, une piscine ext\u00e9rieure chauff\u00e9e, un biopool naturel et un bassin d\u2019eau de source.<\/p>\n<p>Dans notre spa, vous pourrez d\u00e9guster chaque jour nos d\u00e9licieuses tisanes et diff\u00e9rentes eaux \u00e9nerg\u00e9tiques.&nbsp;<\/p>\n<p>Ouvert de 13.00 \u00e0 20.00 heures (saunas de 13.00 \u00e0 19.00).<\/p>\n<p>La piscine ext\u00e9rieure chauff\u00e9e et le biopool sont ouverts en \u00e9t\u00e9 de 07.00 \u00e0 21.00 heures.<\/p>\n<p><strong>A disposition pour nos clients <\/strong><\/p>\n<ul>\n<li>peignoir de bain<\/li>\n<\/ul>\n<p>&nbsp;<\/p>\n<p><strong>Prix de l\u2019entr\u00e9e au spa \u200b\u200bpour les personnes non-r\u00e9sidentes:<\/strong><\/p>\n<p>Veuillez nous appeler avant votre visite car, pendant les p\u00e9riodes de haute fr\u00e9quentation, notre spa est exclusivement r\u00e9serv\u00e9 aux clients de notre h\u00f4tel.<\/p>\n<p>Adultes: CHF 35.-<\/p>\n<p>Enfants de moins de 6 ans: CHF 8.-<\/p>\n<p>Enfants 6-16 ans: CHF 16.-<\/p>","protected":false},"excerpt":{"rendered":"<p>Wellness\u00a0\u00bbAuas sparsas\u00a0\u00bb Auas sparsas est aussi le nom de la belle r\u00e9gion romantique et sauvage pr\u00e8s du lac Cresta, entre Flims et Trin. Dans notre fantastique wellness (1200 m2) vous trouverez diff\u00e9rentes saunas, bains de vapeur, bains de bulles, caldarium, bain de pieds Kneipp, salles de repos, de musculation et de massage, des pelouses pour&#8230;  <a class=\"excerpt-read-more\" href=\"https:\/\/www.cresta.ch\/fr\/wellness\/\" title=\"Read Wellness\">Read more &raquo;<\/a><\/p>\n","protected":false},"author":1,"featured_media":0,"parent":0,"menu_order":13,"comment_status":"open","ping_status":"closed","template":"tp-wellness.php","meta":{"ngg_post_thumbnail":0,"footnotes":"","_links_to":"","_links_to_target":""},"class_list":["post-11","page","type-page","status-publish","hentry"],"_links":{"self":[{"href":"https:\/\/www.cresta.ch\/fr\/wp-json\/wp\/v2\/pages\/11","targetHints":{"allow":["GET"]}}],"collection":[{"href":"https:\/\/www.cresta.ch\/fr\/wp-json\/wp\/v2\/pages"}],"about":[{"href":"https:\/\/www.cresta.ch\/fr\/wp-json\/wp\/v2\/types\/page"}],"author":[{"embeddable":true,"href":"https:\/\/www.cresta.ch\/fr\/wp-json\/wp\/v2\/users\/1"}],"replies":[{"embeddable":true,"href":"https:\/\/www.cresta.ch\/fr\/wp-json\/wp\/v2\/comments?post=11"}],"version-history":[{"count":6,"href":"https:\/\/www.cresta.ch\/fr\/wp-json\/wp\/v2\/pages\/11\/revisions"}],"predecessor-version":[{"id":6179,"href":"https:\/\/www.cresta.ch\/fr\/wp-json\/wp\/v2\/pages\/11\/revisions\/6179"}],"wp:attachment":[{"href":"https:\/\/www.cresta.ch\/fr\/wp-json\/wp\/v2\/media?parent=11"}],"curies":[{"name":"wp","href":"https:\/\/api.w.org\/{rel}","templated":true}]}}