
	
{"id":13,"date":"2022-06-26T17:11:18","date_gmt":"2022-06-26T15:11:18","guid":{"rendered":"http:\/\/web616.login-15.loginserver.ch\/?page_id=13"},"modified":"2022-06-26T17:42:02","modified_gmt":"2022-06-26T15:42:02","slug":"kulinarik","status":"publish","type":"page","link":"https:\/\/www.cresta.ch\/fr\/kulinarik\/","title":{"rendered":"Culinaire"},"content":{"rendered":"<p><\/p>\n<h1>Culinaire<\/h1>\n<p>La journ\u00e9e commence par un riche petit d\u00e9jeuner buffet et se termine par un bon verre de vin au bar ou au coucher du soleil sur la terrasse panoramique.<\/p>\n<h2>Salle \u00e0 manger<\/h2>\n<p>Notre \u00e9quipe de cuisiniers vous g\u00e2tera tous les soirs avec un menu 4 services comprenant des sp\u00e9cialit\u00e9s suisses r\u00e9guli\u00e8res ainsi que des sp\u00e9cialit\u00e9s internationales au menu. Nous sommes \u00e9galement heureux d&rsquo;adapter les menus aux intol\u00e9rances alimentaires et \u00e0 la nutrition v\u00e9g\u00e9tarienne. Nous sommes toujours reconnaissants de toute information pr\u00e9alable.<\/p>\n<p>Notre \u00e9quipe de service n&rsquo;est pas seulement la personne de contact amicale en ce qui concerne vos souhaits pendant le repas. Notre \u00e9quipe Cresta se fera \u00e9galement un plaisir de vous servir une petite goutte de notre carte des vins.<\/p>\n<p><strong>Petit d\u00e9jeuner au buffet:<\/strong> tous les jours de 7h30 \u00e0 10h30.<\/p>\n<p><strong>D\u00eener<\/strong> (pour commencer): entre 18h30 et 19h30&nbsp;<\/p>\nngg_shortcode_6_placeholder\n<hr>\n<h2>Bar<\/h2>\n<p>Vous y trouverez \u00e9galement votre endroit pr\u00e9f\u00e9r\u00e9. Que ce soit dans le jardin d&rsquo;hiver inond\u00e9 de lumi\u00e8re, dans le salon traditionel ou dans l&rsquo;un des confortables coins salon. Pendant la journ\u00e9e, vous pouvez commander un bon caf\u00e9 ou une de nos sp\u00e9cialit\u00e9s de th\u00e9 Sirocco \u00e0 la r\u00e9ception et le soir, vous pouvez savourer votre dernier verre avant de vous coucher fatigu\u00e9 apr\u00e8s des vacances riches en \u00e9v\u00e9nements.<\/p>\n<p><strong>Bar<\/strong>: ouvert tous les jours jusqu&rsquo;\u00e0 23h00<\/p>\nngg_shortcode_7_placeholder\n<hr>\n<h2>Terrasses<\/h2>\n<p>Les diff\u00e9rentes terrasses de l&rsquo;H\u00f4tel Cresta vous invitent \u00e0 vous y attarder et \u00e0 en profiter. Apportez votre boisson de notre bar \u00e0 votre place au soleil. La vue magnifique sur les impressionnantes montagnes des Grisons est toujours incluse.<\/p>\n<p>ngg_shortcode_8_placeholder<\/p>","protected":false},"excerpt":{"rendered":"<p>Culinaire La journ\u00e9e commence par un riche petit d\u00e9jeuner buffet et se termine par un bon verre de vin au bar ou au coucher du soleil sur la terrasse panoramique. Salle \u00e0 manger Notre \u00e9quipe de cuisiniers vous g\u00e2tera tous les soirs avec un menu 4 services comprenant des sp\u00e9cialit\u00e9s suisses r\u00e9guli\u00e8res ainsi que des&#8230;  <a class=\"excerpt-read-more\" href=\"https:\/\/www.cresta.ch\/fr\/kulinarik\/\" title=\"Read Culinaire\">Read more &raquo;<\/a><\/p>\n","protected":false},"author":1,"featured_media":0,"parent":0,"menu_order":20,"comment_status":"open","ping_status":"closed","template":"tp-kulinarik.php","meta":{"ngg_post_thumbnail":0,"footnotes":"","_links_to":"","_links_to_target":""},"class_list":["post-13","page","type-page","status-publish","hentry"],"_links":{"self":[{"href":"https:\/\/www.cresta.ch\/fr\/wp-json\/wp\/v2\/pages\/13","targetHints":{"allow":["GET"]}}],"collection":[{"href":"https:\/\/www.cresta.ch\/fr\/wp-json\/wp\/v2\/pages"}],"about":[{"href":"https:\/\/www.cresta.ch\/fr\/wp-json\/wp\/v2\/types\/page"}],"author":[{"embeddable":true,"href":"https:\/\/www.cresta.ch\/fr\/wp-json\/wp\/v2\/users\/1"}],"replies":[{"embeddable":true,"href":"https:\/\/www.cresta.ch\/fr\/wp-json\/wp\/v2\/comments?post=13"}],"version-history":[{"count":5,"href":"https:\/\/www.cresta.ch\/fr\/wp-json\/wp\/v2\/pages\/13\/revisions"}],"predecessor-version":[{"id":4400,"href":"https:\/\/www.cresta.ch\/fr\/wp-json\/wp\/v2\/pages\/13\/revisions\/4400"}],"wp:attachment":[{"href":"https:\/\/www.cresta.ch\/fr\/wp-json\/wp\/v2\/media?parent=13"}],"curies":[{"name":"wp","href":"https:\/\/api.w.org\/{rel}","templated":true}]}}