
	
{"id":272,"date":"2022-06-25T18:30:20","date_gmt":"2022-06-25T16:30:20","guid":{"rendered":"http:\/\/web616.login-15.loginserver.ch\/?page_id=272"},"modified":"2022-06-25T18:33:07","modified_gmt":"2022-06-25T16:33:07","slug":"seminar-gruppenraum","status":"publish","type":"page","link":"https:\/\/www.cresta.ch\/fr\/hotel\/seminar-gruppenraum\/","title":{"rendered":"Conf\u00e9rences \/ Groupes"},"content":{"rendered":"<p><\/p>\n<h1>Conf\u00e9rences, Groupes<\/h1>\n<p>Notre salle polyvalente est destin\u00e9e \u00e0 accueillir des s\u00e9minaires, conf\u00e9rences, discussions, expos\u00e9s, projections de diapositives et de films. Elle peut \u00eatre utilis\u00e9e pour des r\u00e9unions de groupes ainsi que, gr\u00e2ce \u00e0 son parquet sp\u00e9cial, pour des s\u00e9ances de Yoga, Qi-Gong, Tai Chi, gymnastique, etc.<\/p>\n<p>Cette salle de 10.2 m\u00e8tres de long et 6.1 m\u00e8tres de large poss\u00e8de une hauteur de 2.50 m. Elle peut accueillir des groupes jusqu&rsquo;\u00e0 50 personnes pour des pr\u00e9sentations et des projections de films et jusqu&rsquo;\u00e0 25 personnes pour des conf\u00e9rences qui n\u00e9cessitent des tables. Elle est \u00e9quip\u00e9e d&rsquo;un grand \u00e9cran, t\u00e9l\u00e9vision, projecteur, vid\u00e9o, laptop, internet et de 2 \u00ab\u00a0flip charts\u00a0\u00bb.<\/p>\n<p><img loading=\"lazy\" decoding=\"async\" class=\"alignnone wp-image-612 size-full\" src=\"https:\/\/www.cresta.ch\/wp-content\/uploads\/2014\/09\/konferenzzimmer.jpg\" alt=\"Seminarraum Hotel Cresta Flims\" width=\"1024\" height=\"346\" srcset=\"https:\/\/www.cresta.ch\/wp-content\/uploads\/2014\/09\/konferenzzimmer.jpg 1024w, https:\/\/www.cresta.ch\/wp-content\/uploads\/2014\/09\/konferenzzimmer-300x100.jpg 300w, https:\/\/www.cresta.ch\/wp-content\/uploads\/2014\/09\/konferenzzimmer-600x202.jpg 600w, https:\/\/www.cresta.ch\/wp-content\/uploads\/2014\/09\/konferenzzimmer-250x84.jpg 250w\" sizes=\"auto, (max-width: 1024px) 100vw, 1024px\" \/><\/p>\n<p>La salle de conf\u00e9rence se trouve pr\u00e8s du wellness avec son grand parc, ses \u00e9tangs et ses pelouses o\u00f9 vous pourrez vous d\u00e9tendre pendant les pauses. Elle dispose d&rsquo;une vue imprenable sur les montagnes.<\/p>\n<p><a href=\"https:\/\/web616.login-15.loginserver.ch\/wp-content\/uploads\/2014\/09\/konferenzzimmer2.jpg\" target=\"_blank\" rel=\"noopener\"><img loading=\"lazy\" decoding=\"async\" class=\"alignnone wp-image-862 size-large\" src=\"https:\/\/www.cresta.ch\/wp-content\/uploads\/2014\/09\/konferenzzimmer2-1024x346.jpg\" alt=\"Konferenzzimmer\" width=\"640\" height=\"216\" srcset=\"https:\/\/www.cresta.ch\/wp-content\/uploads\/2014\/09\/konferenzzimmer2-1024x346.jpg 1024w, https:\/\/www.cresta.ch\/wp-content\/uploads\/2014\/09\/konferenzzimmer2-300x100.jpg 300w, https:\/\/www.cresta.ch\/wp-content\/uploads\/2014\/09\/konferenzzimmer2-600x203.jpg 600w, https:\/\/www.cresta.ch\/wp-content\/uploads\/2014\/09\/konferenzzimmer2-250x84.jpg 250w, https:\/\/www.cresta.ch\/wp-content\/uploads\/2014\/09\/konferenzzimmer2.jpg 1920w\" sizes=\"auto, (max-width: 640px) 100vw, 640px\" \/><\/a><\/p>\n<p>&nbsp;<\/p>\n<div class=\"ezcol ezcol-one-quarter\">\n<p><strong>\u00ab\u00a0lecture\u00a0\u00bb<\/strong><\/p>\n<p>54 + 1 Places<br \/>\nMesures<br \/>\nLargeur: 6.12 m<br \/>\nLongueur: 10.26 m<br \/>\nSurface : 61.60 m<sup>2<\/sup><\/p>\n<\/div>\n<div class=\"ezcol ezcol-one-quarter\">\n<p><img loading=\"lazy\" decoding=\"async\" class=\"alignnone wp-image-1449 size-full\" src=\"https:\/\/www.cresta.ch\/wp-content\/uploads\/2014\/09\/vortrag2.jpg\" alt=\"Theaterbestuhlung Seminarraum Hotel Cresta Flims\" width=\"565\" height=\"800\" srcset=\"https:\/\/www.cresta.ch\/wp-content\/uploads\/2014\/09\/vortrag2.jpg 565w, https:\/\/www.cresta.ch\/wp-content\/uploads\/2014\/09\/vortrag2-211x300.jpg 211w, https:\/\/www.cresta.ch\/wp-content\/uploads\/2014\/09\/vortrag2-250x353.jpg 250w\" sizes=\"auto, (max-width: 565px) 100vw, 565px\" \/><\/p>\n<\/div>\n<div class=\"ezcol ezcol-one-quarter\">\n<p><strong>\u00ab\u00a0s\u00e9minaire\u00a0\u00bb<\/strong><\/p>\n<p>24 + 1 Places<\/p>\n<\/div>\n<div class=\"ezcol ezcol-one-quarter ezcol-last\">\n<p><img loading=\"lazy\" decoding=\"async\" class=\"alignnone wp-image-1450 size-full\" src=\"https:\/\/www.cresta.ch\/wp-content\/uploads\/2014\/09\/seminar1.jpg\" alt=\"Bestuhlungsvorschlag Hotel Cresta Flims\" width=\"565\" height=\"800\" srcset=\"https:\/\/www.cresta.ch\/wp-content\/uploads\/2014\/09\/seminar1.jpg 565w, https:\/\/www.cresta.ch\/wp-content\/uploads\/2014\/09\/seminar1-211x300.jpg 211w, https:\/\/www.cresta.ch\/wp-content\/uploads\/2014\/09\/seminar1-250x353.jpg 250w\" sizes=\"auto, (max-width: 565px) 100vw, 565px\" \/><\/p>\n<\/div><div class=\"ezcol-divider\"><\/div>\n<div class=\"ezcol ezcol-one-quarter\">\n<p><strong>\u00ab\u00a0colloque\u00a0\u00bb<\/strong><\/p>\n<p>20 Places<\/p>\n<\/div> <div class=\"ezcol ezcol-one-quarter\"><img loading=\"lazy\" decoding=\"async\" class=\"alignnone wp-image-1451 size-full\" src=\"https:\/\/www.cresta.ch\/wp-content\/uploads\/2014\/09\/besprechung1.jpg\" alt=\"Bestuhlungsvorschlag Seminarraum Hotel Cresta Flims\" width=\"565\" height=\"800\" srcset=\"https:\/\/www.cresta.ch\/wp-content\/uploads\/2014\/09\/besprechung1.jpg 565w, https:\/\/www.cresta.ch\/wp-content\/uploads\/2014\/09\/besprechung1-211x300.jpg 211w, https:\/\/www.cresta.ch\/wp-content\/uploads\/2014\/09\/besprechung1-250x353.jpg 250w\" sizes=\"auto, (max-width: 565px) 100vw, 565px\" \/><\/div> <div class=\"ezcol ezcol-one-quarter\"><strong>\u00ab\u00a0conf\u00e9rence\u00a0\u00bb<\/strong><\/p>\n<p>24 Places<\/div> <div class=\"ezcol ezcol-one-quarter ezcol-last\"><img loading=\"lazy\" decoding=\"async\" class=\"alignnone wp-image-1452 size-full\" src=\"https:\/\/www.cresta.ch\/wp-content\/uploads\/2014\/09\/konferenz1.jpg\" alt=\"Grundriss Seminarraum Bestuhlungsvorschlag\" width=\"565\" height=\"800\" srcset=\"https:\/\/www.cresta.ch\/wp-content\/uploads\/2014\/09\/konferenz1.jpg 565w, https:\/\/www.cresta.ch\/wp-content\/uploads\/2014\/09\/konferenz1-211x300.jpg 211w, https:\/\/www.cresta.ch\/wp-content\/uploads\/2014\/09\/konferenz1-250x353.jpg 250w\" sizes=\"auto, (max-width: 565px) 100vw, 565px\" \/><\/div><div class=\"ezcol-divider\"><\/div><\/p>","protected":false},"excerpt":{"rendered":"<p>Conf\u00e9rences, Groupes Notre salle polyvalente est destin\u00e9e \u00e0 accueillir des s\u00e9minaires, conf\u00e9rences, discussions, expos\u00e9s, projections de diapositives et de films. Elle peut \u00eatre utilis\u00e9e pour des r\u00e9unions de groupes ainsi que, gr\u00e2ce \u00e0 son parquet sp\u00e9cial, pour des s\u00e9ances de Yoga, Qi-Gong, Tai Chi, gymnastique, etc. Cette salle de 10.2 m\u00e8tres de long et 6.1&#8230;  <a class=\"excerpt-read-more\" href=\"https:\/\/www.cresta.ch\/fr\/hotel\/seminar-gruppenraum\/\" title=\"Read Conf\u00e9rences \/ Groupes\">Read more &raquo;<\/a><\/p>\n","protected":false},"author":1,"featured_media":0,"parent":7,"menu_order":4,"comment_status":"open","ping_status":"closed","template":"tp-hotel.php","meta":{"ngg_post_thumbnail":0,"footnotes":"","_links_to":"","_links_to_target":""},"class_list":["post-272","page","type-page","status-publish","hentry"],"_links":{"self":[{"href":"https:\/\/www.cresta.ch\/fr\/wp-json\/wp\/v2\/pages\/272","targetHints":{"allow":["GET"]}}],"collection":[{"href":"https:\/\/www.cresta.ch\/fr\/wp-json\/wp\/v2\/pages"}],"about":[{"href":"https:\/\/www.cresta.ch\/fr\/wp-json\/wp\/v2\/types\/page"}],"author":[{"embeddable":true,"href":"https:\/\/www.cresta.ch\/fr\/wp-json\/wp\/v2\/users\/1"}],"replies":[{"embeddable":true,"href":"https:\/\/www.cresta.ch\/fr\/wp-json\/wp\/v2\/comments?post=272"}],"version-history":[{"count":5,"href":"https:\/\/www.cresta.ch\/fr\/wp-json\/wp\/v2\/pages\/272\/revisions"}],"predecessor-version":[{"id":5496,"href":"https:\/\/www.cresta.ch\/fr\/wp-json\/wp\/v2\/pages\/272\/revisions\/5496"}],"up":[{"embeddable":true,"href":"https:\/\/www.cresta.ch\/fr\/wp-json\/wp\/v2\/pages\/7"}],"wp:attachment":[{"href":"https:\/\/www.cresta.ch\/fr\/wp-json\/wp\/v2\/media?parent=272"}],"curies":[{"name":"wp","href":"https:\/\/api.w.org\/{rel}","templated":true}]}}