
	
{"id":275,"date":"2022-06-25T18:30:04","date_gmt":"2022-06-25T16:30:04","guid":{"rendered":"http:\/\/web616.login-15.loginserver.ch\/?page_id=275"},"modified":"2022-06-25T18:39:27","modified_gmt":"2022-06-25T16:39:27","slug":"garten","status":"publish","type":"page","link":"https:\/\/www.cresta.ch\/fr\/hotel\/garten\/","title":{"rendered":"Jardin"},"content":{"rendered":"<p><\/p>\n<h1>Jardin<\/h1>\n<p>Nous sommes particuli\u00e8rement fiers de notre beau jardin si romantique&#8230;.<\/p>\n<p>Notre grand parc ombrag\u00e9 avec ses arbres centenaires, ses petites places, ses fontaines et ses \u00e9tangs vous invite \u00e0 la d\u00e9tente et \u00e0 r\u00eaver sous les tilleuls &#8230;<\/p>\n<p>&#8230;respirer, se d\u00e9tendre, se relaxer&#8230;<\/p>\n<p>ngg_shortcode_2_placeholder<\/p>","protected":false},"excerpt":{"rendered":"<p>Jardin Nous sommes particuli\u00e8rement fiers de notre beau jardin si romantique&#8230;. Notre grand parc ombrag\u00e9 avec ses arbres centenaires, ses petites places, ses fontaines et ses \u00e9tangs vous invite \u00e0 la d\u00e9tente et \u00e0 r\u00eaver sous les tilleuls &#8230; &#8230;respirer, se d\u00e9tendre, se relaxer&#8230;<\/p>\n","protected":false},"author":1,"featured_media":0,"parent":7,"menu_order":5,"comment_status":"open","ping_status":"closed","template":"tp-hotel.php","meta":{"ngg_post_thumbnail":0,"footnotes":"","_links_to":"","_links_to_target":""},"class_list":["post-275","page","type-page","status-publish","hentry"],"_links":{"self":[{"href":"https:\/\/www.cresta.ch\/fr\/wp-json\/wp\/v2\/pages\/275","targetHints":{"allow":["GET"]}}],"collection":[{"href":"https:\/\/www.cresta.ch\/fr\/wp-json\/wp\/v2\/pages"}],"about":[{"href":"https:\/\/www.cresta.ch\/fr\/wp-json\/wp\/v2\/types\/page"}],"author":[{"embeddable":true,"href":"https:\/\/www.cresta.ch\/fr\/wp-json\/wp\/v2\/users\/1"}],"replies":[{"embeddable":true,"href":"https:\/\/www.cresta.ch\/fr\/wp-json\/wp\/v2\/comments?post=275"}],"version-history":[{"count":5,"href":"https:\/\/www.cresta.ch\/fr\/wp-json\/wp\/v2\/pages\/275\/revisions"}],"predecessor-version":[{"id":5498,"href":"https:\/\/www.cresta.ch\/fr\/wp-json\/wp\/v2\/pages\/275\/revisions\/5498"}],"up":[{"embeddable":true,"href":"https:\/\/www.cresta.ch\/fr\/wp-json\/wp\/v2\/pages\/7"}],"wp:attachment":[{"href":"https:\/\/www.cresta.ch\/fr\/wp-json\/wp\/v2\/media?parent=275"}],"curies":[{"name":"wp","href":"https:\/\/api.w.org\/{rel}","templated":true}]}}