
	
{"id":4793,"date":"2020-11-13T10:40:12","date_gmt":"2020-11-13T08:40:12","guid":{"rendered":"https:\/\/www.cresta.ch\/?page_id=4793"},"modified":"2024-04-09T11:50:13","modified_gmt":"2024-04-09T09:50:13","slug":"winterpauschalen-ohne-skipass","status":"publish","type":"page","link":"https:\/\/www.cresta.ch\/fr\/preise\/winterpauschalen-ohne-skipass\/","title":{"rendered":"Arrangements sans billets de ski"},"content":{"rendered":"<p><\/p>\n<h1>Forfaits d&rsquo;hiver sans billets de ski<\/h1>\n<p><code>{events_calendar; categories=\"13,14,15,16\"}<\/code><\/p>\n\n<table id=\"tablepress-19\" class=\"tablepress tablepress-id-19\">\n<tbody>\n<tr class=\"row-1\">\n\t<td class=\"column-1\">Forfaits Hiver<br \/>\n2023\/2024<br \/>\nsans billets de ski<\/td><td class=\"column-2\">Basse<\/td><td class=\"column-3\">Moyenne<\/td><td class=\"column-4\">Haute<\/td>\n<\/tr>\n<tr class=\"row-2\">\n\t<td class=\"column-1\"><\/td><td class=\"column-2\">20.12.-24.12.2024<br \/>\n30.03.-21.04.2025<\/td><td class=\"column-3\">05.01.-17.01.2025<br \/>\n16.03.-30.03.2025<\/td><td class=\"column-4\">17.01.-14.02.2025<br \/>\n09.03.-16.03.2025<\/td>\n<\/tr>\n<tr class=\"row-3\">\n\t<td class=\"column-1\"><strong>\"Plaisirs d'hiver semaines\"<\/strong><br \/>\n7 nuits avec demi-pension<br \/>\nJours d'arriv\u00e9e: Sa\/Di<\/td><td class=\"column-2\">CHF 833.00<br \/>\n<span class=\"eurofxref-conversion-rate\" style=\"cursor:help;border-bottom:1px dotted gray;\" title=\"1 CHF = 1,0936 EUR\">&euro;&nbsp;910,98<\/span><span class=\"eurofxref-append-string\">&nbsp;*<\/span><\/td><td class=\"column-3\">CHF 893.00<br \/>\n<span class=\"eurofxref-conversion-rate\" style=\"cursor:help;border-bottom:1px dotted gray;\" title=\"1 CHF = 1,0936 EUR\">&euro;&nbsp;976,60<\/span><span class=\"eurofxref-append-string\">&nbsp;*<\/span><\/td><td class=\"column-4\">CHF 1008.00<br \/>\n<span class=\"eurofxref-conversion-rate\" style=\"cursor:help;border-bottom:1px dotted gray;\" title=\"1 CHF = 1,0936 EUR\">&euro;&nbsp;1.102,36<\/span><span class=\"eurofxref-append-string\">&nbsp;*<\/span><\/td>\n<\/tr>\n<tr class=\"row-4\">\n\t<td class=\"column-1\"><strong>\"Plaisirs d'hiver 5\"<\/strong><br \/>\n5 nuits avec demi-pension<br \/>\nJour d'arriv\u00e9e: Di<\/td><td class=\"column-2\">CHF 595.00<br \/>\n<span class=\"eurofxref-conversion-rate\" style=\"cursor:help;border-bottom:1px dotted gray;\" title=\"1 CHF = 1,0936 EUR\">&euro;&nbsp;650,70<\/span><span class=\"eurofxref-append-string\">&nbsp;*<\/span><\/td><td class=\"column-3\">CHF 638.00<br \/>\n<span class=\"eurofxref-conversion-rate\" style=\"cursor:help;border-bottom:1px dotted gray;\" title=\"1 CHF = 1,0936 EUR\">&euro;&nbsp;697,73<\/span><span class=\"eurofxref-append-string\">&nbsp;*<\/span><\/td><td class=\"column-4\">CHF 720.00<br \/>\n<span class=\"eurofxref-conversion-rate\" style=\"cursor:help;border-bottom:1px dotted gray;\" title=\"1 CHF = 1,0936 EUR\">&euro;&nbsp;787,40<\/span><span class=\"eurofxref-append-string\">&nbsp;*<\/span><\/td>\n<\/tr>\n<tr class=\"row-5\">\n\t<td class=\"column-1\"><strong>\"Plaisirs d'hiver 4\"<\/strong><br \/>\n4 nuits avec demi-pension<br \/>\nJours d'arriv\u00e9e: Di\/Lu<\/td><td class=\"column-2\">CHF 476.00<br \/>\n<span class=\"eurofxref-conversion-rate\" style=\"cursor:help;border-bottom:1px dotted gray;\" title=\"1 CHF = 1,0936 EUR\">&euro;&nbsp;520,56<\/span><span class=\"eurofxref-append-string\">&nbsp;*<\/span><\/td><td class=\"column-3\">CHF 510.00<br \/>\n<span class=\"eurofxref-conversion-rate\" style=\"cursor:help;border-bottom:1px dotted gray;\" title=\"1 CHF = 1,0936 EUR\">&euro;&nbsp;557,74<\/span><span class=\"eurofxref-append-string\">&nbsp;*<\/span><\/td><td class=\"column-4\">CHF 576.00<br \/>\n<span class=\"eurofxref-conversion-rate\" style=\"cursor:help;border-bottom:1px dotted gray;\" title=\"1 CHF = 1,0936 EUR\">&euro;&nbsp;629,92<\/span><span class=\"eurofxref-append-string\">&nbsp;*<\/span><\/td>\n<\/tr>\n<tr class=\"row-6\">\n\t<td class=\"column-1\"><strong>\"Plaisirs d'hiver 3\"<\/strong><br \/>\n3 nuits avec demi-pension<br \/>\nJours d'arriv\u00e9e Di\/Lu\/Ma<\/td><td class=\"column-2\">CHF 410.00<br \/>\n<span class=\"eurofxref-conversion-rate\" style=\"cursor:help;border-bottom:1px dotted gray;\" title=\"1 CHF = 1,0936 EUR\">&euro;&nbsp;448,38<\/span><span class=\"eurofxref-append-string\">&nbsp;*<\/span><\/td><td class=\"column-3\">CHF 437.00<br \/>\n<span class=\"eurofxref-conversion-rate\" style=\"cursor:help;border-bottom:1px dotted gray;\" title=\"1 CHF = 1,0936 EUR\">&euro;&nbsp;477,91<\/span><span class=\"eurofxref-append-string\">&nbsp;*<\/span><\/td><td class=\"column-4\">CHF 490.00<br \/>\n<span class=\"eurofxref-conversion-rate\" style=\"cursor:help;border-bottom:1px dotted gray;\" title=\"1 CHF = 1,0936 EUR\">&euro;&nbsp;535,87<\/span><span class=\"eurofxref-append-string\">&nbsp;*<\/span><\/td>\n<\/tr>\n<\/tbody>\n<\/table>\n<!-- #tablepress-19 from cache -->\n<p><em>* Les taux de change bas\u00e9s sur la r\u00e9f\u00e9rence du <a title=\"EZB\" href=\"https:\/\/www.ecb.europa.eu\/stats\/exchange\/eurofxref\/html\/index.en.html\" target=\"_blank\" rel=\"noopener noreferrer\">EZB<\/a>.<br \/>\n<\/em><\/p>\n<ul>\n<li>Tous les tarifs sont en francs suisses et sont par personne. Le prix en euros est approximatif et non contraignant et est bas\u00e9 sur le taux journalier de la banque \u00ab\u00a0GKB\u00a0\u00bb \u00e0 Flims<\/li>\n<li>Les tarifs sont par personne dans une chambre double standard<\/li>\n<li>Suppl\u00e9ment pour chambre simple Fr. 15.- par nuit (chambre double pour utilisation seule Fr. 40.- par nuit)<\/li>\n<li>Suppl\u00e9ment pour la chambre sup\u00e9rieure Fr. 20.- par personne et par nuit<\/li>\n<li>R\u00e9duction pour les chambres dans le chalet Fr. 10 par personne par nuit. (sauf haute saison et week-ends)<\/li>\n<li>Prix pour enfants sur demande<\/li>\n<li>Les tarifs sont susceptibles d&rsquo;\u00eatre modifi\u00e9s sans pr\u00e9avis<\/li>\n<\/ul>\n<h2>Ce qui suit est inclus dans les dispositions :<\/h2>\n<ul>\n<li>H\u00e9bergement dans une chambre double standard avec bain ou douche, WC, radio, t\u00e9l\u00e9phone, TV, coffre-fort dans l&rsquo;une des maisons Cresta, Juliana, Selva ou Rosina.<\/li>\n<li>Demi-pension, c&rsquo;est-\u00e0-dire un riche buffet de petit d\u00e9jeuner et un repas de soir \u00e0 4 plats.<\/li>\n<li>Utilisation de notre magnifique espace bien-\u00eatre \u00ab\u00a0Auas Sparsas\u00a0\u00bb.<\/li>\n<li>Bus de ski gratuit (h\u00f4tel et bus local)<\/li>\n<li>Toutes les taxes, TVA comprise<\/li>\n<\/ul>\n<p>Envoyez une <a href=\"https:\/\/www.cresta.ch\/fr\/kontakt\/unverbindliche-anfrage\/\" target=\"_blank\" rel=\"noopener noreferrer\">demande<\/a>.<\/p>","protected":false},"excerpt":{"rendered":"<p>Forfaits d&rsquo;hiver sans billets de ski {events_calendar; categories=\u00a0\u00bb13,14,15,16&Prime;} * Les taux de change bas\u00e9s sur la r\u00e9f\u00e9rence du EZB. Tous les tarifs sont en francs suisses et sont par personne. Le prix en euros est approximatif et non contraignant et est bas\u00e9 sur le taux journalier de la banque \u00ab\u00a0GKB\u00a0\u00bb \u00e0 Flims Les tarifs sont&#8230;  <a class=\"excerpt-read-more\" href=\"https:\/\/www.cresta.ch\/fr\/preise\/winterpauschalen-ohne-skipass\/\" title=\"Read Arrangements sans billets de ski\">Read more &raquo;<\/a><\/p>\n","protected":false},"author":2,"featured_media":0,"parent":41,"menu_order":8,"comment_status":"closed","ping_status":"closed","template":"","meta":{"ngg_post_thumbnail":0,"footnotes":"","_links_to":"","_links_to_target":""},"class_list":["post-4793","page","type-page","status-publish","hentry"],"_links":{"self":[{"href":"https:\/\/www.cresta.ch\/fr\/wp-json\/wp\/v2\/pages\/4793","targetHints":{"allow":["GET"]}}],"collection":[{"href":"https:\/\/www.cresta.ch\/fr\/wp-json\/wp\/v2\/pages"}],"about":[{"href":"https:\/\/www.cresta.ch\/fr\/wp-json\/wp\/v2\/types\/page"}],"author":[{"embeddable":true,"href":"https:\/\/www.cresta.ch\/fr\/wp-json\/wp\/v2\/users\/2"}],"replies":[{"embeddable":true,"href":"https:\/\/www.cresta.ch\/fr\/wp-json\/wp\/v2\/comments?post=4793"}],"version-history":[{"count":5,"href":"https:\/\/www.cresta.ch\/fr\/wp-json\/wp\/v2\/pages\/4793\/revisions"}],"predecessor-version":[{"id":5141,"href":"https:\/\/www.cresta.ch\/fr\/wp-json\/wp\/v2\/pages\/4793\/revisions\/5141"}],"up":[{"embeddable":true,"href":"https:\/\/www.cresta.ch\/fr\/wp-json\/wp\/v2\/pages\/41"}],"wp:attachment":[{"href":"https:\/\/www.cresta.ch\/fr\/wp-json\/wp\/v2\/media?parent=4793"}],"curies":[{"name":"wp","href":"https:\/\/api.w.org\/{rel}","templated":true}]}}