
	
{"id":495,"date":"2022-06-26T10:00:55","date_gmt":"2022-06-26T08:00:55","guid":{"rendered":"http:\/\/web616.login-15.loginserver.ch\/?page_id=495"},"modified":"2024-04-30T10:25:20","modified_gmt":"2024-04-30T08:25:20","slug":"lage-anfahrt","status":"publish","type":"page","link":"https:\/\/www.cresta.ch\/fr\/kontakt\/lage-anfahrt\/","title":{"rendered":"Itin\u00e9raire"},"content":{"rendered":"<p>&nbsp;<\/p>\n<h1>SITUATION<\/h1>\n<style type=\"text\/css\" id=\"gmpMapStyles_1_87593\">\r\n\t#google_map_easy_1_87593 {\r\n        width: 100%;\r\n        height: 400px;\r\n\t\t\t\t\t\t    }\r\n\t#gmapControlsNum_1_87593 {\r\n\t\twidth:100%\t}\r\n\t.gmpMapDetailsContainer#gmpMapDetailsContainer_1_87593 {\r\n\t\theight:400px;\r\n\t}\r\n\t.gmp_MapPreview#google_map_easy_1_87593 {\r\n\t\t\/*position:absolute;*\/\r\n\t\twidth: 100%;\r\n\t}\r\n\t#mapConElem_1_87593{\r\n\t\twidth: 100%\t}\r\n    .gm-style .gm-style-iw-c{\r\n        padding: 12px!important;\r\n    }\r\n\t    <\/style>\r\n <div class=\"gmp_map_opts\" id=\"mapConElem_1_87593\" data-id=\"1\" data-view-id=\"1_87593\" > <div class=\"gmpMapDetailsContainer\" id=\"gmpMapDetailsContainer_1_87593\"> <i class=\"gmpKMLLayersPreloader fa fa-spinner fa-spin\" aria-hidden=\"true\" style=\"display: none;\"><\/i> <div class=\"gmp_MapPreview \" id=\"google_map_easy_1_87593\"><\/div> <\/div> <div class=\"gmpMapMarkerFilters\" id=\"gmpMapMarkerFilters_1_87593\"> <\/div> <div class=\"gmpMapProControlsCon\" id=\"gmpMapProControlsCon_1_87593\"> <a title=\"Google Maps Wordpress\" style=\"display:none;\" href=\"https:\/\/supsystic.com\/plugins\/google-maps-plugin\/?utm_medium=love_link_hide\" target=\"_blank\" rel=\"noopener\">Google Maps Wordpress<\/a><div style=\"clear: both;\"><\/div> <\/div> <div class=\"gmpMapProDirectionsCon\" id=\"gmpMapProDirectionsCon_1_87593\" > <\/div> <div class=\"gmpMapProKmlFilterCon\" id=\"gmpMapProKmlFilterCon_1_87593\" > <\/div> <div class=\"gmpSocialSharingShell gmpSocialSharingShell_1_87593\"> <\/div> <div style=\"clear: both;\"><\/div> <\/div> \n<p>Nous sommes situ\u00e9s dans un endroit tr\u00e8s calme et ensoleill\u00e9 \u00e0 Flims Waldhaus. A l&rsquo;\u00e9cart de la grande circulation et pourtant au centre. Proche de la for\u00eat de Flims avec ses nombreux sentiers de promenade et de randonn\u00e9e, ses c\u00e9l\u00e8bres lacs et les imposantes gorges du Rhin.<\/p>\n<h1>ARRIV\u00c9ES EN VOITURE<\/h1>\n<p>Prenez <strong>l&rsquo;autoroute A13<\/strong> en direction de Chur-Thusis et \u00e0 Reichenau, prenez la sortie pour <strong>Flims-Disentis<\/strong>. Suivez la route sur environ 10 km jusqu&rsquo;\u00e0 la sortie <strong>Flims<\/strong> et traversez le village (attention \u00e0 la zone 30) en continuant tout droit, en passant devant le Stenna-Center (station inf\u00e9rieure), jusqu&rsquo;au quartier de Flims-Waldhaus. L\u00e0, suivez les indications pour <strong>Hotel Cresta<\/strong> (apr\u00e8s le Sport Rudolf, prenez la premi\u00e8re rue \u00e0 gauche, passez devant l&rsquo;h\u00f4tel Adula et prenez la prochaine rue \u00e0 gauche).<\/p>\n<p>Des places de parking ext\u00e9rieures sont disponibles gratuitement. Des places de garage peuvent \u00eatre r\u00e9serv\u00e9es en plus \u00e0 la r\u00e9ception, selon les disponibilit\u00e9s, pour CHF 15.00 par place et par nuit.&nbsp;<\/p>\n<h1>ARRIV\u00c9E EN TRANSPORTS PUBLICS<\/h1>\n<p>Prenez le train jusqu&rsquo;\u00e0 Chur, o\u00f9 vous prenez l&rsquo;escalator ou l&rsquo;ascenseur depuis le quai jusqu&rsquo;\u00e0 l&rsquo;\u00e9tage des cars postaux. L\u00e0, choisissez le bus en direction de Flims-Laax-Falera (s&rsquo;il y a en plus un \u00abEilkurs\u00bb ou \u00abExpressbus\u00bb pour Flims-Laax, prenez-le). Descendez \u00e0 l&rsquo;arr\u00eat <strong>Flims Waldhaus, Segnes<\/strong>. De l\u00e0, il vous faudra 5 minutes \u00e0 pied pour arriver \u00e0 l&rsquo;h\u00f4tel (par la rue principale, un peu en arri\u00e8re en direction du village de Flims, tournez \u00e0 droite avant le Sport Rudolf, passez devant l&rsquo;h\u00f4tel Adula et prenez la prochaine rue \u00e0 gauche).<br \/>\nSi possible, nous venons volontiers vous chercher \u00e0 l&rsquo;arr\u00eat de bus <strong>Flims Waldhaus, Caumasee<\/strong> (il y a plus de place). Pour ce faire, veuillez nous contacter \u00e0 l&rsquo;avance et notez que nous n&rsquo;avons pas toujours un chauffeur \u00e0 l&rsquo;int\u00e9rieur.<br \/>\nVous trouverez de plus amples informations sur les horaires et les frais de voyage sur <a href=\"http:\/\/www.sbb.ch\" target=\"_blank\" rel=\"noopener\">www.sbb.ch<\/a>.<\/p>\n<p>&nbsp;<\/p>","protected":false},"excerpt":{"rendered":"<p>&nbsp; SITUATION Nous sommes situ\u00e9s dans un endroit tr\u00e8s calme et ensoleill\u00e9 \u00e0 Flims Waldhaus. A l&rsquo;\u00e9cart de la grande circulation et pourtant au centre. Proche de la for\u00eat de Flims avec ses nombreux sentiers de promenade et de randonn\u00e9e, ses c\u00e9l\u00e8bres lacs et les imposantes gorges du Rhin. ARRIV\u00c9ES EN VOITURE Prenez l&rsquo;autoroute A13&#8230;  <a class=\"excerpt-read-more\" href=\"https:\/\/www.cresta.ch\/fr\/kontakt\/lage-anfahrt\/\" title=\"Read Itin\u00e9raire\">Read more &raquo;<\/a><\/p>\n","protected":false},"author":1,"featured_media":0,"parent":326,"menu_order":34,"comment_status":"open","ping_status":"closed","template":"tp-kontakt.php","meta":{"ngg_post_thumbnail":0,"footnotes":"","_links_to":"","_links_to_target":""},"class_list":["post-495","page","type-page","status-publish","hentry"],"_links":{"self":[{"href":"https:\/\/www.cresta.ch\/fr\/wp-json\/wp\/v2\/pages\/495","targetHints":{"allow":["GET"]}}],"collection":[{"href":"https:\/\/www.cresta.ch\/fr\/wp-json\/wp\/v2\/pages"}],"about":[{"href":"https:\/\/www.cresta.ch\/fr\/wp-json\/wp\/v2\/types\/page"}],"author":[{"embeddable":true,"href":"https:\/\/www.cresta.ch\/fr\/wp-json\/wp\/v2\/users\/1"}],"replies":[{"embeddable":true,"href":"https:\/\/www.cresta.ch\/fr\/wp-json\/wp\/v2\/comments?post=495"}],"version-history":[{"count":5,"href":"https:\/\/www.cresta.ch\/fr\/wp-json\/wp\/v2\/pages\/495\/revisions"}],"predecessor-version":[{"id":6043,"href":"https:\/\/www.cresta.ch\/fr\/wp-json\/wp\/v2\/pages\/495\/revisions\/6043"}],"up":[{"embeddable":true,"href":"https:\/\/www.cresta.ch\/fr\/wp-json\/wp\/v2\/pages\/326"}],"wp:attachment":[{"href":"https:\/\/www.cresta.ch\/fr\/wp-json\/wp\/v2\/media?parent=495"}],"curies":[{"name":"wp","href":"https:\/\/api.w.org\/{rel}","templated":true}]}}