
	
{"id":5,"date":"2023-10-31T09:00:42","date_gmt":"2023-10-31T07:00:42","guid":{"rendered":"http:\/\/web616.login-15.loginserver.ch\/?page_id=5"},"modified":"2025-12-30T15:46:05","modified_gmt":"2025-12-30T13:46:05","slug":"home","status":"publish","type":"page","link":"https:\/\/www.cresta.ch\/fr\/","title":{"rendered":"Home"},"content":{"rendered":"<p><\/p>\n<h1 style=\"text-align: center;\">Hotel Cresta Flims<br \/>\nVotre Jardin dans les Grisons<\/h1>\n<h2 style=\"text-align: center;\">Respirer | Se D\u00e9tendre | Se Relaxer<\/h2>\n<hr>\n<h2><img loading=\"lazy\" decoding=\"async\" class=\"alignnone wp-image-5339 size-full\" title=\"Jardin h\u00f4tel Cresta Flims avec piscine chauff\u00e9e\" src=\"https:\/\/www.cresta.ch\/wp-content\/uploads\/2022\/04\/Aussenansicht_Fruehling_Hotel_Cresta_Flims.jpg\" alt=\"\" width=\"800\" height=\"600\" srcset=\"https:\/\/www.cresta.ch\/wp-content\/uploads\/2022\/04\/Aussenansicht_Fruehling_Hotel_Cresta_Flims.jpg 800w, https:\/\/www.cresta.ch\/wp-content\/uploads\/2022\/04\/Aussenansicht_Fruehling_Hotel_Cresta_Flims-300x225.jpg 300w, https:\/\/www.cresta.ch\/wp-content\/uploads\/2022\/04\/Aussenansicht_Fruehling_Hotel_Cresta_Flims-768x576.jpg 768w, https:\/\/www.cresta.ch\/wp-content\/uploads\/2022\/04\/Aussenansicht_Fruehling_Hotel_Cresta_Flims-600x450.jpg 600w, https:\/\/www.cresta.ch\/wp-content\/uploads\/2022\/04\/Aussenansicht_Fruehling_Hotel_Cresta_Flims-250x188.jpg 250w\" sizes=\"auto, (max-width: 800px) 100vw, 800px\" \/><\/h2>\n<h2>6 bonnes raisons pour passer des vacances avec nous \u00e0 l&rsquo;h\u00f4tel Cresta<\/h2>\n<p><div class=\"ezcol ezcol-one-third\">Une \u00e9quipe d&rsquo;h\u00f4tes chaleureux vous accueille<\/p>\n<\/div><div class=\"ezcol ezcol-one-third\">Situation calme au milieu d&rsquo;un beau jardin, \u00e0 l&rsquo;\u00e9cart de la route principale<\/p>\n<\/div><div class=\"ezcol ezcol-one-third ezcol-last\">D\u00e9tente totale dans le grand espace bien-\u00eatre avec piscine ext\u00e9rieure chauff\u00e9e<\/p>\n<\/div><div class=\"ezcol-divider\"><\/div><\/p>\n<p><div class=\"ezcol ezcol-one-third\">Des vacances reposantes dans une entreprise familiale pleine de charme&nbsp;<\/p>\n<\/div><div class=\"ezcol ezcol-one-third\">Profitez pleinement du buffet du petit-d\u00e9jeuner et du menu du soir<\/p>\n<\/div><div class=\"ezcol ezcol-one-third ezcol-last\">En hiver : Propre bus de l&rsquo;h\u00f4tel \u00e0 la station de vall\u00e9e des remont\u00e9es m\u00e9caniques \u00e0 Flims<\/p>\n<\/div><div class=\"ezcol-divider\"><\/div><\/p>\n<p><img loading=\"lazy\" decoding=\"async\" class=\"alignnone wp-image-5398 size-medium\" src=\"https:\/\/www.cresta.ch\/wp-content\/uploads\/2022\/04\/Pool_Garten_Hotel_Cresta_Flims_Hauptfoto_Sommer22-300x225.jpg\" alt=\"\" width=\"300\" height=\"225\" srcset=\"https:\/\/www.cresta.ch\/wp-content\/uploads\/2022\/04\/Pool_Garten_Hotel_Cresta_Flims_Hauptfoto_Sommer22-300x225.jpg 300w, https:\/\/www.cresta.ch\/wp-content\/uploads\/2022\/04\/Pool_Garten_Hotel_Cresta_Flims_Hauptfoto_Sommer22-768x576.jpg 768w, https:\/\/www.cresta.ch\/wp-content\/uploads\/2022\/04\/Pool_Garten_Hotel_Cresta_Flims_Hauptfoto_Sommer22-600x450.jpg 600w, https:\/\/www.cresta.ch\/wp-content\/uploads\/2022\/04\/Pool_Garten_Hotel_Cresta_Flims_Hauptfoto_Sommer22-250x188.jpg 250w, https:\/\/www.cresta.ch\/wp-content\/uploads\/2022\/04\/Pool_Garten_Hotel_Cresta_Flims_Hauptfoto_Sommer22.jpg 800w\" sizes=\"auto, (max-width: 300px) 100vw, 300px\" \/><\/p>\n<p>Notre h\u00f4tel 3 \u00e9toiles Cresta est situ\u00e9 dans un endroit calme et ensoleill\u00e9 dans un grand parc de la Flims Waldhaus, dans le coin des vacances en Suisse, dans les Grisons. Ce complexe h\u00f4telier spacieux, avec de belles et confortables chambres d&rsquo;h\u00f4tel, se compose de la maison principale Cresta et des trois annexes Villa Selva, Casa Juliana et Chalet Rosina, qui sont en partie reli\u00e9es en sous-sol.&nbsp;<\/p>\n<p>Notre spacieux espace de bien-\u00eatre avec jusqu&rsquo;\u00e0 six saunas, une piscine ext\u00e9rieure chauff\u00e9e toute l&rsquo;ann\u00e9e et une piscine bio non chauff\u00e9e, une piscine Kneipp, des bains \u00e0 remous, des massages et une petite salle de fitness offre beaucoup d&rsquo;espace pour le repos et la d\u00e9tente et est unique en son genre dans la r\u00e9gion de Flims, Laax Falera dans la cat\u00e9gorie 3 \u00e9toiles.<\/p>\n<p>Profitez de notre cuisine raffin\u00e9e dans la salle \u00e0 manger inond\u00e9e de lumi\u00e8re avec une vue magnifique sur le Flimserstein. Notre bar de la maison du jardin d&rsquo;hiver offre \u00e9galement une vue imprenable sur les montagnes de Flims et notre jardin unique. Une petite maison-biblioth\u00e8que, un acc\u00e8s WiFi gratuit, un parking souterrain, ainsi qu&rsquo;un parking ext\u00e9rieur interne compl\u00e8tent l&rsquo;offre de notre h\u00f4tel de bien-\u00eatre dans la Sardona, patrimoine mondial de l&rsquo;UNESCO.<\/p>\n<hr>\n<p>&nbsp;<\/p>\n<h2>D\u00e9stination Flims Laax Falera et Actualit\u00e9es<\/h2>\n<p><div class=\"ezcol ezcol-one-third\"><a href=\"https:\/\/www.cresta.ch\/wp-content\/uploads\/2014\/08\/DANUSER-150108091549.jpg\" target=\"_blank\" rel=\"noopener noreferrer\"><img loading=\"lazy\" decoding=\"async\" class=\"alignnone wp-image-2452 size-medium\" src=\"https:\/\/www.cresta.ch\/wp-content\/uploads\/2014\/08\/DANUSER-150108091549-300x199.jpg\" alt=\"Skigebiet Flims Laax Falera - Crap Sogn Gion mit Vollmond\" width=\"300\" height=\"199\" srcset=\"https:\/\/www.cresta.ch\/wp-content\/uploads\/2014\/08\/DANUSER-150108091549-300x199.jpg 300w, https:\/\/www.cresta.ch\/wp-content\/uploads\/2014\/08\/DANUSER-150108091549-600x399.jpg 600w, https:\/\/www.cresta.ch\/wp-content\/uploads\/2014\/08\/DANUSER-150108091549-250x166.jpg 250w, https:\/\/www.cresta.ch\/wp-content\/uploads\/2014\/08\/DANUSER-150108091549.jpg 800w\" sizes=\"auto, (max-width: 300px) 100vw, 300px\" \/><\/a><\/p>\n<h3><strong>Les plaisirs de l&rsquo;hiver sous toutes leurs facettes<\/strong><\/h3>\n<p>Gr\u00e2ce \u00e0 son infrastructure moderne avec 29 remont\u00e9es m\u00e9caniques, le domaine skiable de la Weisse Arena ne jouit pas d&rsquo;une excellente r\u00e9putation aupr\u00e8s des amateurs de sports de neige alpine pour rien. Sur plus de 220 kilom\u00e8tres de pistes et dans diff\u00e9rents parcs, chacun trouvera son favori. Mais les randonneurs, les skieurs de fond et les amoureux de la nature trouveront \u00e9galement de nombreuses offres pour leurs vacances d&rsquo;hiver \u00e0 Flims Laax Falera.<\/p>\n<p>&nbsp;<\/p>\n<\/div> <div class=\"ezcol ezcol-one-third\"><img loading=\"lazy\" decoding=\"async\" class=\"alignnone wp-image-4685 size-medium\" title=\"(c) Weisse Arena Gruppe \/ Gaudenz Danuser\" src=\"https:\/\/www.cresta.ch\/wp-content\/uploads\/2020\/05\/DANUSER-150830090908-min-300x200.jpg\" alt=\"Gorge du Rhin, Point de vue Il Spir\" width=\"300\" height=\"200\" srcset=\"https:\/\/www.cresta.ch\/wp-content\/uploads\/2020\/05\/DANUSER-150830090908-min-300x200.jpg 300w, https:\/\/www.cresta.ch\/wp-content\/uploads\/2020\/05\/DANUSER-150830090908-min-768x512.jpg 768w, https:\/\/www.cresta.ch\/wp-content\/uploads\/2020\/05\/DANUSER-150830090908-min-1024x683.jpg 1024w, https:\/\/www.cresta.ch\/wp-content\/uploads\/2020\/05\/DANUSER-150830090908-min-600x400.jpg 600w, https:\/\/www.cresta.ch\/wp-content\/uploads\/2020\/05\/DANUSER-150830090908-min-250x167.jpg 250w\" sizes=\"auto, (max-width: 300px) 100vw, 300px\" \/><\/p>\n<h3>Un paradis pour les randonneurs et les cyclistes<\/h3>\n<p>La r\u00e9gion de Sardona, inscrite au patrimoine mondial de l&rsquo;UNESCO, offre plus de 250 km de sentiers de randonn\u00e9e balis\u00e9s et autant de kilom\u00e8tres de pistes cyclables, r\u00e9pondant ainsi \u00e0 toutes les exigences. Que vous souhaitiez faire une promenade tranquille, profiter de la circulation sur le Runcatrail avec votre v\u00e9lo ou planifier une excursion difficile en montagne. Avec nous, tout est possible.<\/p>\n<\/div> <div class=\"ezcol ezcol-one-third ezcol-last\">\n<p><img loading=\"lazy\" decoding=\"async\" class=\"alignnone wp-image-609 size-medium\" src=\"https:\/\/www.cresta.ch\/wp-content\/uploads\/2014\/09\/haupthaus-300x200.jpg\" alt=\"Haupthaus des Hotel Cresta in Flims\" width=\"300\" height=\"200\" srcset=\"https:\/\/www.cresta.ch\/wp-content\/uploads\/2014\/09\/haupthaus-300x200.jpg 300w, https:\/\/www.cresta.ch\/wp-content\/uploads\/2014\/09\/haupthaus-600x400.jpg 600w, https:\/\/www.cresta.ch\/wp-content\/uploads\/2014\/09\/haupthaus-250x166.jpg 250w, https:\/\/www.cresta.ch\/wp-content\/uploads\/2014\/09\/haupthaus.jpg 640w\" sizes=\"auto, (max-width: 300px) 100vw, 300px\" \/><\/p>\n<h3>Nos temps de saison<\/h3>\n<p><strong>Saison d&rsquo;\u00e9t\u00e9<\/strong>&nbsp;<strong>2024:<br \/>\n<\/strong>du 24 mai 2024 au 20 octobre 2024<\/p>\n<p><strong>Saison d&rsquo;hiver 2024\/2025<\/strong>:<br \/>\ndu 20 d\u00e9cembre 2024 au 21 avril 2025<\/p>\n<p>&nbsp;<\/p>\n<p><span style=\"font-size: 16px;\"><\/div><div class=\"ezcol-divider\"><\/div><\/span><\/p>\n<hr>\n<p>&nbsp;<\/p>\n<h2>Sp\u00e9cial bagages &#8211; Voyager sans souci de bagages<\/h2>\n<p><img loading=\"lazy\" decoding=\"async\" class=\"wp-image-4044 size-medium alignright\" src=\"https:\/\/www.cresta.ch\/wp-content\/uploads\/2019\/06\/Key_Visual_Gepaeck_Special_web-e1560150193947-300x200.jpg\" alt=\"Gepaeck Fotoshooting am 22.12. 2018 in Dozwil. (SBB\/Dominik Baur)\" width=\"300\" height=\"200\" srcset=\"https:\/\/www.cresta.ch\/wp-content\/uploads\/2019\/06\/Key_Visual_Gepaeck_Special_web-e1560150193947-300x200.jpg 300w, https:\/\/www.cresta.ch\/wp-content\/uploads\/2019\/06\/Key_Visual_Gepaeck_Special_web-e1560150193947-768x511.jpg 768w, https:\/\/www.cresta.ch\/wp-content\/uploads\/2019\/06\/Key_Visual_Gepaeck_Special_web-e1560150193947-1024x681.jpg 1024w, https:\/\/www.cresta.ch\/wp-content\/uploads\/2019\/06\/Key_Visual_Gepaeck_Special_web-e1560150193947-600x399.jpg 600w, https:\/\/www.cresta.ch\/wp-content\/uploads\/2019\/06\/Key_Visual_Gepaeck_Special_web-e1560150193947-250x166.jpg 250w, https:\/\/www.cresta.ch\/wp-content\/uploads\/2019\/06\/Key_Visual_Gepaeck_Special_web-e1560150193947.jpg 1659w\" sizes=\"auto, (max-width: 300px) 100vw, 300px\" \/><\/p>\n<p>Vous pouvez nous rejoindre facilement et dans le respect du climat avec les transports publics. Et pour que vous n&rsquo;ayez pas \u00e0 transporter vous-m\u00eame vos bagages, nous vous proposons, en collaboration avec les CFF, un service de bagages attrayant : Vos valises et vos sacs sont pris en charge \u00e0 votre domicile et vous attendent dans votre chambre d&rsquo;h\u00f4tel \u00e0 votre arriv\u00e9e. Bien entendu, nous nous chargeons \u00e9galement volontiers du transport de retour. Vous pouvez envoyer jusqu&rsquo;\u00e0 4 bagages au prix attractif de CHF 44.00 par trajet.<\/p>\n<p><a href=\"https:\/\/www.sbb.ch\/de\/bahnhof-services\/vor-der-reise\/reise-und-fluggepaeck\/reisegepaeck\/special.html\" target=\"_blank\" rel=\"noopener noreferrer\"><img loading=\"lazy\" decoding=\"async\" class=\"alignnone wp-image-3864 size-thumbnail\" src=\"https:\/\/www.cresta.ch\/wp-content\/uploads\/2018\/09\/button-150x29.png\" alt=\"\" width=\"150\" height=\"29\"><\/a><\/p>\n<hr>\n<h2>Le plus long sentier \u00e0 la cime des arbres du monde &#8211; Senda dil dragun Laax<\/h2>\n<p><img loading=\"lazy\" decoding=\"async\" class=\"alignleft wp-image-4985 size-medium\" title=\"(c) Weisse Arena \/ Philipp Ruggli\" src=\"https:\/\/www.cresta.ch\/wp-content\/uploads\/2021\/07\/Baumwipfelpfad-Laax-300x225.jpg\" alt=\"(c) Weisse Arena \/ Philipp Ruggli\" width=\"300\" height=\"225\" srcset=\"https:\/\/www.cresta.ch\/wp-content\/uploads\/2021\/07\/Baumwipfelpfad-Laax-300x225.jpg 300w, https:\/\/www.cresta.ch\/wp-content\/uploads\/2021\/07\/Baumwipfelpfad-Laax-768x576.jpg 768w, https:\/\/www.cresta.ch\/wp-content\/uploads\/2021\/07\/Baumwipfelpfad-Laax-600x450.jpg 600w, https:\/\/www.cresta.ch\/wp-content\/uploads\/2021\/07\/Baumwipfelpfad-Laax-250x188.jpg 250w, https:\/\/www.cresta.ch\/wp-content\/uploads\/2021\/07\/Baumwipfelpfad-Laax.jpg 800w\" sizes=\"auto, (max-width: 300px) 100vw, 300px\" \/><\/p>\n<p>D\u00e9couvrez des vues inhabituelles \u00e0 la hauteur de la cime des arbres. C&rsquo;est d\u00e9sormais possible dans notre r\u00e9gion de vacances sur le plus long sentier \u00e0 la cime des arbres du monde. Promenez-vous sur 1,5 km \u00e0 travers la for\u00eat, tout en restant en hauteur.<\/p>\n<p>Vous atteindrez le point de d\u00e9part en 10 bonnes minutes seulement avec la navette gratuite de Flims Laax Falera. L&rsquo;entr\u00e9e peut \u00eatre r\u00e9serv\u00e9e via l&rsquo;application Inside Laax, et m\u00eame avec une r\u00e9duction de 25% avec la carte d&rsquo;h\u00f4te que vous recevez \u00e0 l&rsquo;h\u00f4tel \u00e0 votre arriv\u00e9e.<\/p>\n<p><a href=\"https:\/\/www.flimslaax.com\/naturerlebnisse\/baumwipfelpfad\" target=\"_blank\" rel=\"noopener\">Plus d&rsquo;informations sur le nouveau sentier des cimes Senda dil dragun<\/a><\/p>\n<p>&nbsp;<\/p>\n<h3>&nbsp;<\/h3>\n<hr>\n<h2>D\u00e9couvrez l&rsquo;h\u00f4tel Cresta dans les montagnes de Flims gr\u00e2ce \u00e0 une visite \u00e0 360\u00b0:<br \/>\n<iframe loading=\"lazy\" style=\"border: 0;\" src=\"https:\/\/www.google.com\/maps\/embed?pb=!4v1517996142239!6m8!1m7!1sCAoSLEFGMVFpcE5TUl82NTJGV2dJUnN3N2VJU1pEaWN3NXA5T216eWxNYm0zMzA3!2m2!1d46.829170699598!2d9.2904214549021!3f107.52107824726032!4f-3.021198993246145!5f0.7820865974627469\" width=\"100%\" height=\"400\" frameborder=\"0\" allowfullscreen=\"allowfullscreen\" data-mce-fragment=\"1\"><\/iframe><\/h2>\n<h2>&nbsp;<\/h2>\n<p><\/p>","protected":false},"excerpt":{"rendered":"<p>Hotel Cresta Flims Votre Jardin dans les Grisons Respirer | Se D\u00e9tendre | Se Relaxer 6 bonnes raisons pour passer des vacances avec nous \u00e0 l&rsquo;h\u00f4tel Cresta Notre h\u00f4tel 3 \u00e9toiles Cresta est situ\u00e9 dans un endroit calme et ensoleill\u00e9 dans un grand parc de la Flims Waldhaus, dans le coin des vacances en Suisse,&#8230;  <a class=\"excerpt-read-more\" href=\"https:\/\/www.cresta.ch\/fr\/\" title=\"Read Home\">Read more &raquo;<\/a><\/p>\n","protected":false},"author":1,"featured_media":5398,"parent":0,"menu_order":0,"comment_status":"open","ping_status":"closed","template":"tp-startseite.php","meta":{"ngg_post_thumbnail":0,"footnotes":"","_links_to":"","_links_to_target":""},"class_list":["post-5","page","type-page","status-publish","has-post-thumbnail","hentry"],"_links":{"self":[{"href":"https:\/\/www.cresta.ch\/fr\/wp-json\/wp\/v2\/pages\/5","targetHints":{"allow":["GET"]}}],"collection":[{"href":"https:\/\/www.cresta.ch\/fr\/wp-json\/wp\/v2\/pages"}],"about":[{"href":"https:\/\/www.cresta.ch\/fr\/wp-json\/wp\/v2\/types\/page"}],"author":[{"embeddable":true,"href":"https:\/\/www.cresta.ch\/fr\/wp-json\/wp\/v2\/users\/1"}],"replies":[{"embeddable":true,"href":"https:\/\/www.cresta.ch\/fr\/wp-json\/wp\/v2\/comments?post=5"}],"version-history":[{"count":16,"href":"https:\/\/www.cresta.ch\/fr\/wp-json\/wp\/v2\/pages\/5\/revisions"}],"predecessor-version":[{"id":6213,"href":"https:\/\/www.cresta.ch\/fr\/wp-json\/wp\/v2\/pages\/5\/revisions\/6213"}],"wp:featuredmedia":[{"embeddable":true,"href":"https:\/\/www.cresta.ch\/fr\/wp-json\/wp\/v2\/media\/5398"}],"wp:attachment":[{"href":"https:\/\/www.cresta.ch\/fr\/wp-json\/wp\/v2\/media?parent=5"}],"curies":[{"name":"wp","href":"https:\/\/api.w.org\/{rel}","templated":true}]}}