
	
{"id":5230,"date":"2022-06-11T10:30:05","date_gmt":"2022-06-11T08:30:05","guid":{"rendered":"https:\/\/www.cresta.ch\/?page_id=5230"},"modified":"2025-11-24T12:31:01","modified_gmt":"2025-11-24T10:31:01","slug":"wellness-flims-massage","status":"publish","type":"page","link":"https:\/\/www.cresta.ch\/fr\/wellness\/wellness-flims-massage\/","title":{"rendered":"Massage"},"content":{"rendered":"<p><\/p>\n<h1>Massages \u00e0 l&rsquo;H\u00f4tel Cresta Flims<\/h1>\n<h2>Notre th\u00e9rapeute<\/h2>\n<p><img loading=\"lazy\" decoding=\"async\" class=\"aligncenter wp-image-5231 size-full\" src=\"https:\/\/www.cresta.ch\/wp-content\/uploads\/2022\/01\/Monica-Heinz-Massagetherapeutin.jpg\" alt=\"(c) Monica Heinz\" width=\"366\" height=\"298\" srcset=\"https:\/\/www.cresta.ch\/wp-content\/uploads\/2022\/01\/Monica-Heinz-Massagetherapeutin.jpg 366w, https:\/\/www.cresta.ch\/wp-content\/uploads\/2022\/01\/Monica-Heinz-Massagetherapeutin-300x244.jpg 300w, https:\/\/www.cresta.ch\/wp-content\/uploads\/2022\/01\/Monica-Heinz-Massagetherapeutin-250x204.jpg 250w\" sizes=\"auto, (max-width: 366px) 100vw, 366px\" \/><\/p>\n<p>Monica Heinz est naturopathe agr\u00e9\u00e9e par le canton TEN et g\u00e8re son propre cabinet \u00e0 Trin. Elle poss\u00e8de des connaissances approfondies dans divers domaines de la m\u00e9decine naturelle et des techniques de massage et poursuit toujours sa formation continue. Elle est capable d&rsquo;une empathie parfaite avec son interlocuteur et ses besoins.<\/p>\n<h2>&nbsp;<\/h2>\n<h2>Rendez-vous<\/h2>\n<p>Nous serions heureux d&rsquo;organiser votre rendez-vous pour un massage. Veuillez nous contacter bien \u00e0 l&rsquo;avance.&nbsp;<\/p>\n<p>&nbsp;<\/p>\n<h2>Offres massage \u00e0 l&rsquo;H\u00f4tel Cresta Flims<\/h2>\n<p style=\"text-align: center;\"><div class=\"ezcol ezcol-one-third\"><strong>Massage du corps entier<br \/>\n<\/strong>50 Min.&nbsp;<br \/>\nCHF 120.00<\/div> <div class=\"ezcol ezcol-one-third\"><strong>Massage de sport<br \/>\n<\/strong>50 Min.<br \/>\nCHF 120.00<\/div> <div class=\"ezcol ezcol-one-third ezcol-last\"><strong>Massage partiel<br \/>\n<\/strong>30 Min.&nbsp;<br \/>\nCHF 65.00<\/div><div class=\"ezcol-divider\"><\/div><\/p>\n<p style=\"text-align: center;\"><div class=\"ezcol ezcol-one-third\"><strong>Massage du dos,<br \/>\ndu cou et de la t\u00eate<br \/>\n<\/strong>50 Min.<br \/>\nCHF 120.00<\/div> <div class=\"ezcol ezcol-one-third\"><strong>Lomi Lomi Massage<\/strong><br \/>\n80 Min.<br \/>\nCHF 160.00<\/div> <div class=\"ezcol ezcol-one-third ezcol-last\"><strong>Massage du dos<br \/>\n\u00ab\u00a0Breuss\u00a0\u00bb<\/strong><br \/>\n50 Min.<br \/>\nCHF 125.00<\/div><div class=\"ezcol-divider\"><\/div><\/p>\n<p style=\"text-align: center;\"><div class=\"ezcol ezcol-one-third\"><strong>R\u00e9flexologie plantaire<br \/>\navec le dos<br \/>\nou avec la t\u00eate et le cou<br \/>\n<\/strong>50 Min.<br \/>\nCHF 125.00<\/div> <div class=\"ezcol ezcol-one-third\"><strong>Prolongation<\/strong><br \/>\n60 Min. au lieu de 50 Min.<br \/>\n+ CHF 15.00<\/div> <div class=\"ezcol ezcol-one-third ezcol-last\"><\/div><div class=\"ezcol-divider\"><\/div><\/p>\n<p><em>&nbsp;<\/em><\/p>","protected":false},"excerpt":{"rendered":"<p>Massages \u00e0 l&rsquo;H\u00f4tel Cresta Flims Notre th\u00e9rapeute Monica Heinz est naturopathe agr\u00e9\u00e9e par le canton TEN et g\u00e8re son propre cabinet \u00e0 Trin. Elle poss\u00e8de des connaissances approfondies dans divers domaines de la m\u00e9decine naturelle et des techniques de massage et poursuit toujours sa formation continue. Elle est capable d&rsquo;une empathie parfaite avec son interlocuteur&#8230;  <a class=\"excerpt-read-more\" href=\"https:\/\/www.cresta.ch\/fr\/wellness\/wellness-flims-massage\/\" title=\"Read Massage\">Read more &raquo;<\/a><\/p>\n","protected":false},"author":2,"featured_media":0,"parent":11,"menu_order":14,"comment_status":"closed","ping_status":"closed","template":"tp-wellness.php","meta":{"ngg_post_thumbnail":0,"footnotes":"","_links_to":"","_links_to_target":""},"class_list":["post-5230","page","type-page","status-publish","hentry"],"_links":{"self":[{"href":"https:\/\/www.cresta.ch\/fr\/wp-json\/wp\/v2\/pages\/5230","targetHints":{"allow":["GET"]}}],"collection":[{"href":"https:\/\/www.cresta.ch\/fr\/wp-json\/wp\/v2\/pages"}],"about":[{"href":"https:\/\/www.cresta.ch\/fr\/wp-json\/wp\/v2\/types\/page"}],"author":[{"embeddable":true,"href":"https:\/\/www.cresta.ch\/fr\/wp-json\/wp\/v2\/users\/2"}],"replies":[{"embeddable":true,"href":"https:\/\/www.cresta.ch\/fr\/wp-json\/wp\/v2\/comments?post=5230"}],"version-history":[{"count":8,"href":"https:\/\/www.cresta.ch\/fr\/wp-json\/wp\/v2\/pages\/5230\/revisions"}],"predecessor-version":[{"id":6192,"href":"https:\/\/www.cresta.ch\/fr\/wp-json\/wp\/v2\/pages\/5230\/revisions\/6192"}],"up":[{"embeddable":true,"href":"https:\/\/www.cresta.ch\/fr\/wp-json\/wp\/v2\/pages\/11"}],"wp:attachment":[{"href":"https:\/\/www.cresta.ch\/fr\/wp-json\/wp\/v2\/media?parent=5230"}],"curies":[{"name":"wp","href":"https:\/\/api.w.org\/{rel}","templated":true}]}}