
	
{"id":617,"date":"2022-06-25T18:15:12","date_gmt":"2022-06-25T16:15:12","guid":{"rendered":"http:\/\/web616.login-15.loginserver.ch\/?page_id=617"},"modified":"2025-12-11T16:52:58","modified_gmt":"2025-12-11T14:52:58","slug":"haupthaus","status":"publish","type":"page","link":"https:\/\/www.cresta.ch\/fr\/hotel\/haupthaus\/","title":{"rendered":"Maisons"},"content":{"rendered":"<p><\/p>\n<h1>Nos maisons<\/h1>\n<h1><a href=\"https:\/\/www.cresta.ch\/wp-content\/uploads\/2014\/09\/hotel2.jpg\" target=\"_blank\" rel=\"noopener noreferrer\"><img loading=\"lazy\" decoding=\"async\" class=\"alignnone wp-image-879 size-bones-thumb-600\" src=\"https:\/\/www.cresta.ch\/wp-content\/uploads\/2014\/09\/hotel2-600x150.jpg\" alt=\"Haupthaus mit Speisesaal Hotel Cresta Flims\" width=\"600\" height=\"150\"><\/a><\/h1>\n<h1>La maison principale<\/h1>\n<p>Dans la maison principale se trouvent la r\u00e9ception, les salons, le jardin d\u2019hiver, la salle \u00e0 manger, la biblioth\u00e8que-salle de t\u00e9l\u00e9vision o\u00f9 vous pouvez surfer gratuitement sur internet, la salle de ski et la plupart des chambres. La maison principale se compose de quatre \u00e9tages avec ascenseur et connexion avec le garage couvert.<\/p>\n<p><div class=\"ezcol ezcol-one-half\"><a href=\"https:\/\/www.cresta.ch\/wp-content\/uploads\/2014\/09\/speisesaal.jpg\" target=\"_blank\" rel=\"noopener noreferrer\"><img loading=\"lazy\" decoding=\"async\" class=\"alignnone wp-image-641 size-bones-thumb-300\" src=\"https:\/\/www.cresta.ch\/wp-content\/uploads\/2014\/09\/speisesaal-300x100.jpg\" alt=\"Speisesaal Hotel Cresta Flims\" width=\"300\" height=\"100\" srcset=\"https:\/\/www.cresta.ch\/wp-content\/uploads\/2014\/09\/speisesaal-300x100.jpg 300w, https:\/\/www.cresta.ch\/wp-content\/uploads\/2014\/09\/speisesaal-600x202.jpg 600w, https:\/\/www.cresta.ch\/wp-content\/uploads\/2014\/09\/speisesaal-250x84.jpg 250w, https:\/\/www.cresta.ch\/wp-content\/uploads\/2014\/09\/speisesaal.jpg 1024w\" sizes=\"auto, (max-width: 300px) 100vw, 300px\" \/><\/a><\/p>\n<h3>Salle \u00e0 manger<\/h3>\n<p>Un magnifique buffet de petit d\u00e9jeuner un d\u00e9licieux repas du soir de 4 ou 5 services vous attendent. R\u00e9guli\u00e8rement buffet de salades et buffet de desserts.<\/p>\n<\/div> <div class=\"ezcol ezcol-one-half ezcol-last\"><a href=\"https:\/\/www.cresta.ch\/wp-content\/uploads\/2014\/09\/ueberuns-kueche-e1560679087381.jpg\" target=\"_blank\" rel=\"noopener noreferrer\"><img loading=\"lazy\" decoding=\"async\" class=\"alignnone wp-image-1608 size-bones-thumb-300\" src=\"https:\/\/www.cresta.ch\/wp-content\/uploads\/2014\/09\/ueberuns-kueche-e1560679087381-300x100.jpg\" alt=\"K\u00fcche\" width=\"300\" height=\"100\"><\/a><\/p>\n<h3>Cuisine<\/h3>\n<p>Klaus, notre fid\u00e8le chef de cuisine, accorde beaucoup d\u2019importance \u00e0 la qualit\u00e9 et \u00e0 la fra\u00eecheur des produits qu\u2019il utilise. Il est r\u00e9put\u00e9 pour sa cuisine saine et l\u00e9g\u00e8re et vous souhaite d\u00e9j\u00e0 un bon app\u00e9tit \u2013 \u201cAn Gueta\u201d !<\/p>\n<\/div><div class=\"ezcol-divider\"><\/div><\/p>\n<p>&nbsp;<\/p>\n<p><div class=\"ezcol ezcol-one-half\"><a href=\"https:\/\/www.cresta.ch\/wp-content\/uploads\/2014\/09\/salon.jpg\" target=\"_blank\" rel=\"noopener noreferrer\"><img loading=\"lazy\" decoding=\"async\" class=\"alignnone wp-image-647 size-bones-thumb-300\" src=\"https:\/\/www.cresta.ch\/wp-content\/uploads\/2014\/09\/salon-300x100.jpg\" alt=\"Salon\" width=\"300\" height=\"100\" srcset=\"https:\/\/www.cresta.ch\/wp-content\/uploads\/2014\/09\/salon-300x100.jpg 300w, https:\/\/www.cresta.ch\/wp-content\/uploads\/2014\/09\/salon-1024x346.jpg 1024w, https:\/\/www.cresta.ch\/wp-content\/uploads\/2014\/09\/salon-600x202.jpg 600w, https:\/\/www.cresta.ch\/wp-content\/uploads\/2014\/09\/salon-250x84.jpg 250w\" sizes=\"auto, (max-width: 300px) 100vw, 300px\" \/><\/a><\/p>\n<h3>Jardin d&rsquo;hiver &amp; Salons<\/h3>\n<p>De jolis salons spacieux, un jardin d\u2019hiver, une biblio-vid\u00e9oth\u00e8que avec station internet, les journaux du jour pour vous&#8230;tout est pr\u00eat pour votre d\u00e9tente m\u00eame s\u2019il neige dehors! Nous vous proposons r\u00e9guli\u00e8rement des apr\u00e8s-midis avec caf\u00e9 et g\u00e2teaux ou des ap\u00e9ritifs au salon. Nos salons vous invitent \u00e0 vous installer pour faire connaissance, bavarder, lire ou pour une partie de cartes anim\u00e9e&#8230;<\/p>\n<\/div> <div class=\"ezcol ezcol-one-half ezcol-last\"><a href=\"https:\/\/www.cresta.ch\/wp-content\/uploads\/2014\/09\/hausbar.jpg\" target=\"_blank\" rel=\"noopener noreferrer\"><img loading=\"lazy\" decoding=\"async\" class=\"alignnone wp-image-870 size-bones-thumb-300\" src=\"https:\/\/www.cresta.ch\/wp-content\/uploads\/2014\/09\/hausbar-300x100.jpg\" alt=\"Hausbar\" width=\"300\" height=\"100\" srcset=\"https:\/\/www.cresta.ch\/wp-content\/uploads\/2014\/09\/hausbar-300x100.jpg 300w, https:\/\/www.cresta.ch\/wp-content\/uploads\/2014\/09\/hausbar-1024x346.jpg 1024w, https:\/\/www.cresta.ch\/wp-content\/uploads\/2014\/09\/hausbar-250x84.jpg 250w\" sizes=\"auto, (max-width: 300px) 100vw, 300px\" \/><\/a><\/p>\n<h3>Petit bar<\/h3>\n<p>Un dernier verre au bar, une conversation anim\u00e9e ou un moment de tranquillit\u00e9 en admirant la vue splendide&#8230; notre bar vous attend.<\/p>\n<\/div><div class=\"ezcol-divider\"><\/div><\/p>\n<hr>\n<h1>Casa Juliana<\/h1>\n<p>La Casa Juliana se trouve entre la maison principale et la Villa Selva. Ces maisons sont reli\u00e9es entre elles et au wellness par un passage souterrain.<\/p>\n<p>ngg_shortcode_6_placeholderLa Juliana a \u00e9t\u00e9 enti\u00e8rement r\u00e9nov\u00e9e il y a quelques ann\u00e9es. Ici se trouvent les chambres les plus modernes. Le wellness se trouve juste en dessous, ainsi que les salles de fitness et de massages et le garage.<\/p>\n<hr>\n<h1>Villa Selva<\/h1>\n<p>La villa Selva entour\u00e9e de son grand parc \u00e9tait autrefois une veritable villa de ma\u00eetres. L\u00e0 se trouvent les grandes chambres mansard\u00e9es sup\u00e9rieures, quelques chambres familiales ainsi que de belles chambres standard. La Selva est reli\u00e9e \u00e0 la maison principale et un ascenseur vous conduit directement au wellness.<\/p>\nngg_shortcode_7_placeholder\n<hr>\n<h1>Chalet Rosina<\/h1>\n<p>La Rosina est un chalet suisse typique et se trouve \u00e0 environ 80 m\u00e8tres de la maison principale. Elle n\u2019est pas reli\u00e9e \u00e0 la maison principale et au wellness, il faut donc faire quelques pas \u00e0 l\u2019air libre pour venir manger ou se baigner. Les chambres sont en bois clair, tr\u00e8s lumineuses et la majorit\u00e9 disposent d\u2019un balcon ou terrasse.<\/p>\n<p>ngg_shortcode_8_placeholder<\/p>","protected":false},"excerpt":{"rendered":"<p>Nos maisons La maison principale Dans la maison principale se trouvent la r\u00e9ception, les salons, le jardin d\u2019hiver, la salle \u00e0 manger, la biblioth\u00e8que-salle de t\u00e9l\u00e9vision o\u00f9 vous pouvez surfer gratuitement sur internet, la salle de ski et la plupart des chambres. La maison principale se compose de quatre \u00e9tages avec ascenseur et connexion avec&#8230;  <a class=\"excerpt-read-more\" href=\"https:\/\/www.cresta.ch\/fr\/hotel\/haupthaus\/\" title=\"Read Maisons\">Read more &raquo;<\/a><\/p>\n","protected":false},"author":1,"featured_media":0,"parent":7,"menu_order":3,"comment_status":"open","ping_status":"open","template":"tp-hotel.php","meta":{"ngg_post_thumbnail":0,"footnotes":"","_links_to":"","_links_to_target":""},"class_list":["post-617","page","type-page","status-publish","hentry"],"_links":{"self":[{"href":"https:\/\/www.cresta.ch\/fr\/wp-json\/wp\/v2\/pages\/617","targetHints":{"allow":["GET"]}}],"collection":[{"href":"https:\/\/www.cresta.ch\/fr\/wp-json\/wp\/v2\/pages"}],"about":[{"href":"https:\/\/www.cresta.ch\/fr\/wp-json\/wp\/v2\/types\/page"}],"author":[{"embeddable":true,"href":"https:\/\/www.cresta.ch\/fr\/wp-json\/wp\/v2\/users\/1"}],"replies":[{"embeddable":true,"href":"https:\/\/www.cresta.ch\/fr\/wp-json\/wp\/v2\/comments?post=617"}],"version-history":[{"count":6,"href":"https:\/\/www.cresta.ch\/fr\/wp-json\/wp\/v2\/pages\/617\/revisions"}],"predecessor-version":[{"id":6205,"href":"https:\/\/www.cresta.ch\/fr\/wp-json\/wp\/v2\/pages\/617\/revisions\/6205"}],"up":[{"embeddable":true,"href":"https:\/\/www.cresta.ch\/fr\/wp-json\/wp\/v2\/pages\/7"}],"wp:attachment":[{"href":"https:\/\/www.cresta.ch\/fr\/wp-json\/wp\/v2\/media?parent=617"}],"curies":[{"name":"wp","href":"https:\/\/api.w.org\/{rel}","templated":true}]}}