
	
{"id":7,"date":"2022-06-25T17:40:52","date_gmt":"2022-06-25T15:40:52","guid":{"rendered":"http:\/\/web616.login-15.loginserver.ch\/?page_id=7"},"modified":"2022-06-25T17:46:57","modified_gmt":"2022-06-25T15:46:57","slug":"hotel","status":"publish","type":"page","link":"https:\/\/www.cresta.ch\/fr\/hotel\/","title":{"rendered":"H\u00f4tel"},"content":{"rendered":"<p><\/p>\n<h1>&#8230;respirer, se d\u00e9tendre, se relaxer&#8230;<\/h1>\n<h1>Aper\u00e7u<\/h1>\n<p>L\u2019h\u00f4tel Cresta est entour\u00e9 d\u2019un grand jardin tranquille, ensoleill\u00e9 et romantique, loin du bruit des voitures et cependant au centre de Flims-Waldhaus. Il se trouve juste \u00e0 c\u00f4t\u00e9 de la belle for\u00eat de Flims avec ses nombreux sentiers p\u00e9destres, ses lacs de montagne bleu glacier et les imposantes gorges du Rhin.<\/p>\n<h2>Votre jardin dans les Grisons<\/h2>\n<p><a href=\"https:\/\/www.cresta.ch\/wp-content\/uploads\/2014\/09\/plan.gif\"><img loading=\"lazy\" decoding=\"async\" class=\"size-medium wp-image-317 alignleft\" src=\"https:\/\/www.cresta.ch\/wp-content\/uploads\/2014\/09\/plan-300x184.gif\" alt=\"Lageplan\" width=\"300\" height=\"184\" srcset=\"https:\/\/www.cresta.ch\/wp-content\/uploads\/2014\/09\/plan-300x184.gif 300w, https:\/\/www.cresta.ch\/wp-content\/uploads\/2014\/09\/plan-250x153.gif 250w\" sizes=\"auto, (max-width: 300px) 100vw, 300px\" \/><\/a>Notre h\u00f4tel est compos\u00e9 de la maison principale et de trois annexes, partiellement connect\u00e9es par un passage souterrain. Nous vous proposons des repas soign\u00e9s, une salle \u00e0 manger avec vue imprenable sur le village et les montagnes, un jardin d\u2019hiver, un bar, une biblioth\u00e8que avec station internet gratuite, de belles chambres confortables, un grand jardin, un garage couvert ainsi qu\u2019un parking. Notre magnifique wellness met \u00e0 votre disposition diverses saunas et bains de vapeur, des bains de bulles, un bain de pieds Kneipp, un solarium, une salle de massage, une salle de musculation, deux fantastiques piscines ext\u00e9rieures, l\u2019une chauff\u00e9e (33\u00b0C en hiver, 28\u00b0C en \u00e9t\u00e9) et l\u2019autre \u201cbio\u201d froide ainsi qu\u2019une sauna saline en argile (seulement en hiver).<\/p>\n<p>&nbsp;<\/p>\n<p><div class=\"ezcol ezcol-one-half\"><a href=\"https:\/\/www.cresta.ch\/wp-content\/uploads\/2014\/09\/hotel2.jpg\" target=\"_blank\" rel=\"noopener noreferrer\"><img loading=\"lazy\" decoding=\"async\" class=\"alignnone wp-image-879 size-bones-thumb-300\" src=\"https:\/\/www.cresta.ch\/wp-content\/uploads\/2014\/09\/hotel2-300x100.jpg\" alt=\"Haupthaus mit Speisesaal Hotel Cresta Flims\" width=\"300\" height=\"100\" srcset=\"https:\/\/www.cresta.ch\/wp-content\/uploads\/2014\/09\/hotel2-300x100.jpg 300w, https:\/\/www.cresta.ch\/wp-content\/uploads\/2014\/09\/hotel2-1024x346.jpg 1024w, https:\/\/www.cresta.ch\/wp-content\/uploads\/2014\/09\/hotel2-250x84.jpg 250w\" sizes=\"auto, (max-width: 300px) 100vw, 300px\" \/><\/a><\/p>\n<h3 id=\"haupthaus\">Maison principale<\/h3>\n<p>Dans la maison principale se trouvent la r\u00e9ception, les salons, le jardin d\u2019hiver, la salle \u00e0 manger, la biblioth\u00e8que-salle de t\u00e9l\u00e9vision o\u00f9 vous pouvez surfer gratuitement sur internet, la salle de ski et la plupart des chambres. La maison principale se compose de quatre \u00e9tages avec ascenseur et connexion avec le garage couvert.<\/div> <div class=\"ezcol ezcol-one-half ezcol-last\"><a href=\"https:\/\/www.cresta.ch\/wp-content\/uploads\/2014\/09\/juliana.jpg\" target=\"_blank\" rel=\"noopener noreferrer\"><img loading=\"lazy\" decoding=\"async\" class=\"alignnone wp-image-812 size-bones-thumb-300\" src=\"https:\/\/www.cresta.ch\/wp-content\/uploads\/2014\/09\/juliana-300x100.jpg\" alt=\"Garten Hotel Cresta Flims\" width=\"300\" height=\"100\"><\/a><\/p>\n<h3>Casa Juliana<\/h3>\n<p>La casa Juliana se trouve entre la maison principale et la Villa Selva, juste au dessus du wellness. Ces maisons sont reli\u00e9es entre elles par un passage souterrain.<\/div><div class=\"ezcol-divider\"><\/div><\/p>\n<p><div class=\"ezcol ezcol-one-half\"><a href=\"https:\/\/www.cresta.ch\/wp-content\/uploads\/2014\/09\/selva.jpg\" target=\"_blank\" rel=\"noopener noreferrer\"><img loading=\"lazy\" decoding=\"async\" class=\"alignnone wp-image-610 size-bones-thumb-300\" src=\"https:\/\/www.cresta.ch\/wp-content\/uploads\/2014\/09\/selva-300x100.jpg\" alt=\"Villa Selva eines der verbundenen Nebengeb\u00e4ude im Hotel Cresta Flims\" width=\"300\" height=\"100\"><\/a><\/p>\n<h3 id=\"selva\">Villa Selva<\/h3>\n<p>La villa Selva entour\u00e9e de son grand parc \u00e9tait autrefois une veritable villa de ma\u00eetres. L\u00e0 se trouvent les grandes chambres mansard\u00e9es sup\u00e9rieures, quelques chambres familiales et de belles chambres standard. La Selva est reli\u00e9e \u00e0 la maison principale et un ascenseur vous conduit directement au wellness.<\/div> <div class=\"ezcol ezcol-one-half ezcol-last\"><a href=\"https:\/\/www.cresta.ch\/wp-content\/uploads\/2014\/10\/winter2.jpg\" target=\"_blank\" rel=\"noopener noreferrer\"><img loading=\"lazy\" decoding=\"async\" class=\"alignnone wp-image-1653 size-bones-thumb-300\" src=\"https:\/\/www.cresta.ch\/wp-content\/uploads\/2014\/10\/winter2-300x100.jpg\" alt=\"Chalet Rosina Nebengeb\u00e4ude des Hotel Cresta in Flims\" width=\"300\" height=\"100\" srcset=\"https:\/\/www.cresta.ch\/wp-content\/uploads\/2014\/10\/winter2-300x100.jpg 300w, https:\/\/www.cresta.ch\/wp-content\/uploads\/2014\/10\/winter2-1024x346.jpg 1024w, https:\/\/www.cresta.ch\/wp-content\/uploads\/2014\/10\/winter2-250x84.jpg 250w\" sizes=\"auto, (max-width: 300px) 100vw, 300px\" \/><\/a><\/p>\n<h3 id=\"chalet\">Chalet<\/h3>\n<p>La Rosina est un chalet suisse typique et se trouve \u00e0 environ 80 m\u00e8tres de la maison principale. Elle n\u2019est pas reli\u00e9e \u00e0 la maison principale et au wellness, il faut donc faire quelques pas \u00e0 l\u2019air libre pour venir manger ou se baigner.<\/p>\n<\/div><div class=\"ezcol-divider\"><\/div><\/p>\n<map id=\"ImageMapsCom-image-maps-2014-09-29-024408\" name=\"image-maps-2014-09-29-024408\">\n<area style=\"outline: none;\" title=\"\" alt=\"\" coords=\"61,35,103,65\" shape=\"rect\" href=\"https:\/\/www.cresta.ch\/hotel\/hoteluebersicht\/chalet-rosina\/\" target=\"_self\">\n<area style=\"outline: none;\" title=\"\" alt=\"\" coords=\"116,79,175,96\" shape=\"rect\" href=\"https:\/\/www.cresta.ch\/hotel\/hoteluebersicht\/haupthaus\/#hotelbus\" target=\"_self\">\n<area style=\"outline: none;\" title=\"\" alt=\"\" coords=\"183,62,242,79\" shape=\"rect\" href=\"https:\/\/www.cresta.ch\/hotel\/hoteluebersicht\/haupthaus\/\" target=\"_self\">\n<area style=\"outline: none;\" title=\"\" alt=\"\" coords=\"166,55,226,80\" shape=\"rect\" href=\"https:\/\/www.cresta.ch\/hotel\/hoteluebersicht\/haupthaus\/\" target=\"_self\">\n<area style=\"outline: none;\" title=\"\" alt=\"\" coords=\"243,75,286,103\" shape=\"rect\" href=\"https:\/\/www.cresta.ch\/hotel\/hoteluebersicht\/casa-juliana\/\" target=\"_self\">\n<area style=\"outline: none;\" title=\"\" alt=\"\" coords=\"285,70,332,100\" shape=\"rect\" href=\"https:\/\/www.cresta.ch\/wellness\/\" target=\"_self\">\n<area style=\"outline: none;\" title=\"\" alt=\"\" coords=\"340,78,372,107\" shape=\"rect\" href=\"https:\/\/www.cresta.ch\/hotel\/hoteluebersicht\/villa-selva\/\" target=\"_self\">\n<area style=\"outline: none;\" title=\"\" alt=\"\" coords=\"299,171,337,196\" shape=\"rect\" href=\"https:\/\/www.cresta.ch\/wellness\/wasser\/\" target=\"_self\">\n<area style=\"outline: none;\" title=\"\" alt=\"\" coords=\"340,170,372,196\" shape=\"rect\" href=\"https:\/\/www.cresta.ch\/wellness\/ruhe\/\" target=\"_self\">\n<area style=\"outline: none;\" title=\"Image Map\" alt=\"Image Map\" coords=\"498,305,500,307\" shape=\"rect\" href=\"https:\/\/www.image-maps.com\/index.php?aff=mapped_users_0\"> <\/map>\n<h2 id=\"selva\">Visite virtuelle de l&rsquo;h\u00f4tel Cresta Flims<\/h2>\n<p><code><iframe loading=\"lazy\" style=\"border: 0;\" src=\"https:\/\/www.google.com\/maps\/embed?pb=!4v1517996142239!6m8!1m7!1sCAoSLEFGMVFpcE5TUl82NTJGV2dJUnN3N2VJU1pEaWN3NXA5T216eWxNYm0zMzA3!2m2!1d46.829170699598!2d9.2904214549021!3f107.52107824726032!4f-3.021198993246145!5f0.7820865974627469\" width=\"100%\" height=\"450\" frameborder=\"0\" allowfullscreen=\"allowfullscreen\" data-mce-fragment=\"1\"><\/iframe><\/code><\/p>","protected":false},"excerpt":{"rendered":"<p>&#8230;respirer, se d\u00e9tendre, se relaxer&#8230; Aper\u00e7u L\u2019h\u00f4tel Cresta est entour\u00e9 d\u2019un grand jardin tranquille, ensoleill\u00e9 et romantique, loin du bruit des voitures et cependant au centre de Flims-Waldhaus. Il se trouve juste \u00e0 c\u00f4t\u00e9 de la belle for\u00eat de Flims avec ses nombreux sentiers p\u00e9destres, ses lacs de montagne bleu glacier et les imposantes gorges&#8230;  <a class=\"excerpt-read-more\" href=\"https:\/\/www.cresta.ch\/fr\/hotel\/\" title=\"Read H\u00f4tel\">Read more &raquo;<\/a><\/p>\n","protected":false},"author":1,"featured_media":0,"parent":0,"menu_order":1,"comment_status":"open","ping_status":"closed","template":"tp-hotel.php","meta":{"ngg_post_thumbnail":0,"footnotes":"","_links_to":"","_links_to_target":""},"class_list":["post-7","page","type-page","status-publish","hentry"],"_links":{"self":[{"href":"https:\/\/www.cresta.ch\/fr\/wp-json\/wp\/v2\/pages\/7","targetHints":{"allow":["GET"]}}],"collection":[{"href":"https:\/\/www.cresta.ch\/fr\/wp-json\/wp\/v2\/pages"}],"about":[{"href":"https:\/\/www.cresta.ch\/fr\/wp-json\/wp\/v2\/types\/page"}],"author":[{"embeddable":true,"href":"https:\/\/www.cresta.ch\/fr\/wp-json\/wp\/v2\/users\/1"}],"replies":[{"embeddable":true,"href":"https:\/\/www.cresta.ch\/fr\/wp-json\/wp\/v2\/comments?post=7"}],"version-history":[{"count":5,"href":"https:\/\/www.cresta.ch\/fr\/wp-json\/wp\/v2\/pages\/7\/revisions"}],"predecessor-version":[{"id":5438,"href":"https:\/\/www.cresta.ch\/fr\/wp-json\/wp\/v2\/pages\/7\/revisions\/5438"}],"wp:attachment":[{"href":"https:\/\/www.cresta.ch\/fr\/wp-json\/wp\/v2\/media?parent=7"}],"curies":[{"name":"wp","href":"https:\/\/api.w.org\/{rel}","templated":true}]}}