
	
{"id":723,"date":"2014-09-29T12:55:40","date_gmt":"2014-09-29T10:55:40","guid":{"rendered":"http:\/\/web616.login-15.loginserver.ch\/?page_id=723"},"modified":"2023-10-27T13:58:54","modified_gmt":"2023-10-27T11:58:54","slug":"winter","status":"publish","type":"page","link":"https:\/\/www.cresta.ch\/fr\/region\/winter\/","title":{"rendered":"Hiver \u00e0 Flims"},"content":{"rendered":"<p><\/p>\n<h1>Hiver<\/h1>\n<p>\u00c0 quelques minutes de la porte de l\u2018h\u00f4tel se trouvent les remont\u00e9es m\u00e9caniques qui vous am\u00e8neront vers l\u2019une des plus grandes et des plus modernes stations de ski des Alpes: LAAX. Le bus de l\u2019h\u00f4tel Cresta vous conduit gratuitement aux remont\u00e9es m\u00e9caniques de Flims. L\u00e0 vous attendent 235 km de pistes! Mais Flims Laax Falera ne propose pas seulement des activit\u00e9s aux skieurs et snowboardeurs, le ski de fond, la luge et les nombreuses randonn\u00e9es hivernales font aussi partie du programme!<\/p>\n<h2>Ski et Snowboard<\/h2>\n<div id=\"attachment_3906\" style=\"width: 310px\" class=\"wp-caption alignnone\"><img loading=\"lazy\" decoding=\"async\" aria-describedby=\"caption-attachment-3906\" class=\"size-medium wp-image-3906\" src=\"https:\/\/www.cresta.ch\/wp-content\/uploads\/2018\/10\/Laax_Pisten-300x171.jpg\" alt=\"\" width=\"300\" height=\"171\" srcset=\"https:\/\/www.cresta.ch\/wp-content\/uploads\/2018\/10\/Laax_Pisten-300x171.jpg 300w, https:\/\/www.cresta.ch\/wp-content\/uploads\/2018\/10\/Laax_Pisten-768x438.jpg 768w, https:\/\/www.cresta.ch\/wp-content\/uploads\/2018\/10\/Laax_Pisten-1024x584.jpg 1024w, https:\/\/www.cresta.ch\/wp-content\/uploads\/2018\/10\/Laax_Pisten-600x342.jpg 600w, https:\/\/www.cresta.ch\/wp-content\/uploads\/2018\/10\/Laax_Pisten-250x143.jpg 250w, https:\/\/www.cresta.ch\/wp-content\/uploads\/2018\/10\/Laax_Pisten.jpg 1461w\" sizes=\"auto, (max-width: 300px) 100vw, 300px\" \/><p id=\"caption-attachment-3906\" class=\"wp-caption-text\"><span style=\"color: #000000;\">Plan des pistes Flims Laax Falera<\/span><\/p><\/div>\n<p>La station de Laax est connue bien par del\u00e0 les fronti\u00e8res, ceci particuli\u00e8rement en tant que destination Freestyle num\u00e9ro 1 en Europe pour les sports d\u2019hiver. Mais les remont\u00e9es m\u00e9caniques ont aussi beaucoup investi ces derni\u00e8res ann\u00e9es pour le ski classique et en famille. De nombreuses pistes faciles et presque exclusivement des t\u00e9l\u00e9si\u00e8ges et des cabines offrent un confort absolu aux sportifs d\u00e9butants et aux familles. Avec ses 235 kilom\u00e8tres de pistes, Laax est l\u2018un des plus grands domaines skiables des Alpes, qui atteint au glacier du Vorab une altitude de plus de 3\u2018000 m. La situation tr\u00e8s \u00e9lev\u00e9e ainsi que l\u2019infrastructure hyper moderne concernant l\u2019enneigement permettent de skier jusqu\u2019au milieu du mois d\u2019avril. Le magnifique panorama de montagnes enneig\u00e9es qui permet m\u00eame la vue sur le pays glaronnais depuis le glacier du Vorab fait de votre journ\u00e9e de ski une exp\u00e9rience inoubliable.<\/p>\n<p><a href=\"https:\/\/www.laax.com\/\" target=\"_blank\" rel=\"noopener\">www.laax.com\/<\/a><\/p>\n<h2>Ski de fond<\/h2>\n<div id=\"attachment_3910\" style=\"width: 310px\" class=\"wp-caption alignnone\"><a href=\"https:\/\/www.cresta.ch\/wp-content\/uploads\/2018\/10\/Laax_Langlauf_Wandern.jpg\" target=\"_blank\" rel=\"noopener\"><img loading=\"lazy\" decoding=\"async\" aria-describedby=\"caption-attachment-3910\" class=\"wp-image-3910 size-medium\" src=\"https:\/\/www.cresta.ch\/wp-content\/uploads\/2018\/10\/Laax_Langlauf_Wandern-300x171.jpg\" alt=\"\" width=\"300\" height=\"171\" srcset=\"https:\/\/www.cresta.ch\/wp-content\/uploads\/2018\/10\/Laax_Langlauf_Wandern-300x171.jpg 300w, https:\/\/www.cresta.ch\/wp-content\/uploads\/2018\/10\/Laax_Langlauf_Wandern-768x438.jpg 768w, https:\/\/www.cresta.ch\/wp-content\/uploads\/2018\/10\/Laax_Langlauf_Wandern-1024x584.jpg 1024w, https:\/\/www.cresta.ch\/wp-content\/uploads\/2018\/10\/Laax_Langlauf_Wandern-600x342.jpg 600w, https:\/\/www.cresta.ch\/wp-content\/uploads\/2018\/10\/Laax_Langlauf_Wandern-250x143.jpg 250w, https:\/\/www.cresta.ch\/wp-content\/uploads\/2018\/10\/Laax_Langlauf_Wandern.jpg 1461w\" sizes=\"auto, (max-width: 300px) 100vw, 300px\" \/><\/a><p id=\"caption-attachment-3910\" class=\"wp-caption-text\"><span style=\"color: #000000;\">Plan randon\u00e9es d&rsquo;h\u00eever et ski de fond<\/span><\/p><\/div>\n<p>Pour tous ceux qui voudraient d\u00e9couvrir les paysages hivernaux \u00e0 ski de fond, la r\u00e9gion de Flims Laax Falera propose 55 km de pistes, pr\u00e9par\u00e9es pour le ski de fond classique aussi bien que pour le skating. Certaines pistes de fond se trouvent tout pr\u00e8s de l\u2019h\u00f4tel Cresta, d\u2019autres dans la vall\u00e9e de Bargis, d\u2019autres encore \u00e0 Trin ou \u00e0 Sagogn. La piste de fond de Trin est \u00e9clair\u00e9e le soir.<\/p>\n<p><a title=\"Langlaufen\" href=\"https:\/\/www.laax.com\/de\/resort-info\/winterwandern-und-langlaufen\/\" target=\"_blank\" rel=\"noopener\">D&rsquo;autres infos \u00e0 propos du ski de fond<\/a><\/p>\n<h2>Randonn\u00e9es hivernales et luge<\/h2>\n<p>Plus de 100 km de chemins p\u00e9destres sont pr\u00e9par\u00e9s dans notre r\u00e9gion, pour permettre de magnifiques randonn\u00e9es ou promenades dans la neige. Venez vous balader dans nos for\u00eats enneig\u00e9es ou nos clairi\u00e8res ensoleill\u00e9es! Pour les lugeurs, une piste longue de<\/p>\n<p>3 km menant de Foppa \u00e0 Flims et une piste de 3,45 km menant de Curnius \u00e0 Falera promettent de belles descentes plus ou moins rapides! Des soir\u00e9es-luge dans la nuit sont organis\u00e9es le mardi et le samedi \u00e0 Flims.<\/p>\n<p><a title=\"Winterwandern\" href=\"https:\/\/www.laax.com\/de\/resort-info\/winterwandern-und-langlaufen\/\" target=\"_blank\" rel=\"noopener\">Plus d&rsquo;infos \u00e0 propos des randonn\u00e9es et des pistes de luge<\/a><\/p>","protected":false},"excerpt":{"rendered":"<p>Hiver \u00c0 quelques minutes de la porte de l\u2018h\u00f4tel se trouvent les remont\u00e9es m\u00e9caniques qui vous am\u00e8neront vers l\u2019une des plus grandes et des plus modernes stations de ski des Alpes: LAAX. Le bus de l\u2019h\u00f4tel Cresta vous conduit gratuitement aux remont\u00e9es m\u00e9caniques de Flims. L\u00e0 vous attendent 235 km de pistes! Mais Flims Laax&#8230;  <a class=\"excerpt-read-more\" href=\"https:\/\/www.cresta.ch\/fr\/region\/winter\/\" title=\"Read Hiver \u00e0 Flims\">Read more &raquo;<\/a><\/p>\n","protected":false},"author":1,"featured_media":0,"parent":15,"menu_order":24,"comment_status":"open","ping_status":"closed","template":"tp-region-winter.php","meta":{"ngg_post_thumbnail":0,"footnotes":"","_links_to":"","_links_to_target":""},"class_list":["post-723","page","type-page","status-publish","hentry"],"_links":{"self":[{"href":"https:\/\/www.cresta.ch\/fr\/wp-json\/wp\/v2\/pages\/723","targetHints":{"allow":["GET"]}}],"collection":[{"href":"https:\/\/www.cresta.ch\/fr\/wp-json\/wp\/v2\/pages"}],"about":[{"href":"https:\/\/www.cresta.ch\/fr\/wp-json\/wp\/v2\/types\/page"}],"author":[{"embeddable":true,"href":"https:\/\/www.cresta.ch\/fr\/wp-json\/wp\/v2\/users\/1"}],"replies":[{"embeddable":true,"href":"https:\/\/www.cresta.ch\/fr\/wp-json\/wp\/v2\/comments?post=723"}],"version-history":[{"count":5,"href":"https:\/\/www.cresta.ch\/fr\/wp-json\/wp\/v2\/pages\/723\/revisions"}],"predecessor-version":[{"id":5904,"href":"https:\/\/www.cresta.ch\/fr\/wp-json\/wp\/v2\/pages\/723\/revisions\/5904"}],"up":[{"embeddable":true,"href":"https:\/\/www.cresta.ch\/fr\/wp-json\/wp\/v2\/pages\/15"}],"wp:attachment":[{"href":"https:\/\/www.cresta.ch\/fr\/wp-json\/wp\/v2\/media?parent=723"}],"curies":[{"name":"wp","href":"https:\/\/api.w.org\/{rel}","templated":true}]}}