
	
{"id":76,"date":"2014-08-14T14:33:07","date_gmt":"2014-08-14T12:33:07","guid":{"rendered":"http:\/\/web616.login-15.loginserver.ch\/?page_id=76"},"modified":"2025-02-04T16:47:20","modified_gmt":"2025-02-04T14:47:20","slug":"wasser","status":"publish","type":"page","link":"https:\/\/www.cresta.ch\/fr\/wellness\/wasser\/","title":{"rendered":"Dans l&rsquo;eau"},"content":{"rendered":"<p><\/p>\n<p>&nbsp;<\/p>\n<h1>Dans l&rsquo;eau<\/h1>\n<p>Notre wellness vous attend au milieu d\u2019une nature intacte, devant un panorama splendide. Venez vous ressourcer et puiser dans nos bassins la force et le calme de la montagne.<\/p>\n<h2>Wellness Pool<\/h2>\n<p><a href=\"https:\/\/web616.login-15.loginserver.ch\/wp-content\/uploads\/2014\/09\/startseite4.jpg\" target=\"_blank\" rel=\"noopener\"><img loading=\"lazy\" decoding=\"async\" class=\"alignnone wp-image-268 size-large\" src=\"https:\/\/web616.login-15.loginserver.ch\/wp-content\/uploads\/2014\/09\/startseite4-1024x346.jpg\" alt=\"Wellness Pool\" width=\"640\" height=\"216\"><\/a><\/p>\n<p>Notre piscine ext\u00e9rieure est chauff\u00e9e en permanence, en hiver \u00e0 34\u00b0 et en \u00e9t\u00e9 \u00e0 30\u00b0. L\u2019eau est d\u00e9sinfect\u00e9e gr\u00e2ce \u00e0 l\u2019ozone et ne contient pas de chlore. De nombreuses attractions vous attendent, telles que les buses de massage, le bouillonnement au sol, le banc \u00e0 bulles, la nage \u00e0 contre-courant et le jet glac\u00e9, une vraie partie de plaisir pour petits et grands.<\/p>\n<h2>En pleine nature<\/h2>\n<p><a href=\"https:\/\/web616.login-15.loginserver.ch\/wp-content\/uploads\/2014\/09\/startseite3.jpg\" target=\"_blank\" rel=\"noopener\"><img loading=\"lazy\" decoding=\"async\" class=\"alignnone wp-image-263 size-large\" src=\"https:\/\/web616.login-15.loginserver.ch\/wp-content\/uploads\/2014\/09\/startseite3-1024x346.jpg\" alt=\"Garten\" width=\"640\" height=\"216\"><\/a><\/p>\n<p>Se d\u00e9tendre et oublier ses soucis en se baignant dans une eau d\u00e9licieusement chaude, avec le spectacle des montagnes grisonnes&#8230;<\/p>\n<h2>Nager par n\u2019importe quel temps<\/h2>\n<p><a href=\"https:\/\/web616.login-15.loginserver.ch\/wp-content\/uploads\/2014\/08\/schwimmen.jpg\" target=\"_blank\" rel=\"noopener\"><img loading=\"lazy\" decoding=\"async\" class=\"alignnone wp-image-464 size-large\" src=\"https:\/\/web616.login-15.loginserver.ch\/wp-content\/uploads\/2014\/08\/schwimmen-1024x345.jpg\" alt=\"Schwimmen bei jedem Wetter\" width=\"640\" height=\"215\" srcset=\"https:\/\/www.cresta.ch\/wp-content\/uploads\/2014\/08\/schwimmen-1024x345.jpg 1024w, https:\/\/www.cresta.ch\/wp-content\/uploads\/2014\/08\/schwimmen-300x100.jpg 300w, https:\/\/www.cresta.ch\/wp-content\/uploads\/2014\/08\/schwimmen-600x202.jpg 600w, https:\/\/www.cresta.ch\/wp-content\/uploads\/2014\/08\/schwimmen-250x84.jpg 250w, https:\/\/www.cresta.ch\/wp-content\/uploads\/2014\/08\/schwimmen.jpg 1920w\" sizes=\"auto, (max-width: 640px) 100vw, 640px\" \/><\/a><\/p>\n<p>Vous nagez dans une eau chaude et fumante m\u00eame et surtout s\u2019il pleut, neige ou vente&#8230;<\/p>\n<h2>Biopool<\/h2>\n<p><a href=\"https:\/\/web616.login-15.loginserver.ch\/wp-content\/uploads\/2014\/08\/teich.jpg\" target=\"_blank\" rel=\"noopener\"><img loading=\"lazy\" decoding=\"async\" class=\"alignnone wp-image-466 size-large\" src=\"https:\/\/web616.login-15.loginserver.ch\/wp-content\/uploads\/2014\/08\/teich-1024x346.jpg\" alt=\"Schwimmteich\" width=\"640\" height=\"216\" srcset=\"https:\/\/www.cresta.ch\/wp-content\/uploads\/2014\/08\/teich-1024x346.jpg 1024w, https:\/\/www.cresta.ch\/wp-content\/uploads\/2014\/08\/teich-300x100.jpg 300w, https:\/\/www.cresta.ch\/wp-content\/uploads\/2014\/08\/teich-600x203.jpg 600w, https:\/\/www.cresta.ch\/wp-content\/uploads\/2014\/08\/teich-250x84.jpg 250w, https:\/\/www.cresta.ch\/wp-content\/uploads\/2014\/08\/teich.jpg 1920w\" sizes=\"auto, (max-width: 640px) 100vw, 640px\" \/><\/a><\/p>\n<p>L\u2019eau de notre biopool est nettoy\u00e9e tout naturellement par les plantes, les petits animaux aquatiques et les pierres de lave, claire et douce comme celle d\u2019un lac de montagne. En \u00e9t\u00e9 l\u2019eau atteint une temp\u00e9rature de 16\u00b0 \u00e0 25\u00b0. En hiver elle est le plus souvent gel\u00e9e, de toutes fa\u00e7ons trop froide pour se baigner \u00e0 moins que vous n\u2019en profitiez pour faire un rapide plongeon apr\u00e8s la sauna.<\/p>\n<h2>Bains de pieds Kneipp<\/h2>\n<p><a href=\"https:\/\/web616.login-15.loginserver.ch\/wp-content\/uploads\/2014\/08\/kneipp.jpg\" target=\"_blank\" rel=\"noopener\"><img loading=\"lazy\" decoding=\"async\" class=\"alignnone wp-image-738 size-large\" src=\"https:\/\/web616.login-15.loginserver.ch\/wp-content\/uploads\/2014\/08\/kneipp-1024x346.jpg\" alt=\"Kneipp Brunnen\" width=\"640\" height=\"216\" srcset=\"https:\/\/www.cresta.ch\/wp-content\/uploads\/2014\/08\/kneipp-1024x346.jpg 1024w, https:\/\/www.cresta.ch\/wp-content\/uploads\/2014\/08\/kneipp-300x100.jpg 300w, https:\/\/www.cresta.ch\/wp-content\/uploads\/2014\/08\/kneipp-600x203.jpg 600w, https:\/\/www.cresta.ch\/wp-content\/uploads\/2014\/08\/kneipp-250x84.jpg 250w, https:\/\/www.cresta.ch\/wp-content\/uploads\/2014\/08\/kneipp.jpg 1920w\" sizes=\"auto, (max-width: 640px) 100vw, 640px\" \/><\/a><\/p>\n<p>L\u2019alternance de l\u2019eau froide et chaude procure \u00e0 vos pieds un soulagement imm\u00e9diat, id\u00e9al apr\u00e8s une longue randonn\u00e9e en montagne ou une journ\u00e9e de ski.<\/p>\n<h2>Bains de bulles<\/h2>\n<p><a href=\"https:\/\/web616.login-15.loginserver.ch\/wp-content\/uploads\/2014\/08\/wellness11.jpg\" target=\"_blank\" rel=\"noopener\"><img loading=\"lazy\" decoding=\"async\" class=\"alignnone wp-image-458 size-large\" src=\"https:\/\/web616.login-15.loginserver.ch\/wp-content\/uploads\/2014\/08\/wellness11-1024x346.jpg\" alt=\"Whirlpools\" width=\"640\" height=\"216\"><\/a><\/p>\n<p>Deux bains de bulles individuels sont \u00e0 votre disposition. La baignoire est rinc\u00e9e avant chaque utilisation et remplie d\u2019eau propre. Vous pouvez vous procurer des jetons pour les bains de bulles \u00e0 la r\u00e9ception.<\/p>\n<p><\/p>\n<p><\/p>\n<h1>Dans l&rsquo;eau<\/h1>\n<p>Notre wellness vous attend au milieu d\u2019une nature intacte, devant un panorama splendide. Venez vous ressourcer et puiser dans nos bassins la force et le calme de la montagne.<\/p>\n<h2>Wellness Pool<\/h2>\n<a href=\"https:\/\/web616.login-15.loginserver.ch\/wp-content\/uploads\/2014\/09\/startseite4.jpg\" target=\"_blank\" rel=\"noopener\"><img loading=\"lazy\" decoding=\"async\" class=\"alignnone wp-image-268 size-large\" src=\"https:\/\/web616.login-15.loginserver.ch\/wp-content\/uploads\/2014\/09\/startseite4-1024x346.jpg\" alt=\"Wellness Pool\" width=\"640\" height=\"216\" \/><\/a>\n<p>Notre piscine ext\u00e9rieure est chauff\u00e9e en permanence, en hiver \u00e0 34\u00b0 et en \u00e9t\u00e9 \u00e0 30\u00b0. L\u2019eau est d\u00e9sinfect\u00e9e gr\u00e2ce \u00e0 l\u2019ozone et ne contient pas de chlore. De nombreuses attractions vous attendent, telles que les buses de massage, le bouillonnement au sol, le banc \u00e0 bulles, la nage \u00e0 contre-courant et le jet glac\u00e9, une vraie partie de plaisir pour petits et grands.<\/p>\n<h2>En pleine nature<\/h2>\n<a href=\"https:\/\/web616.login-15.loginserver.ch\/wp-content\/uploads\/2014\/09\/startseite3.jpg\" target=\"_blank\" rel=\"noopener\"><img loading=\"lazy\" decoding=\"async\" class=\"alignnone wp-image-263 size-large\" src=\"https:\/\/web616.login-15.loginserver.ch\/wp-content\/uploads\/2014\/09\/startseite3-1024x346.jpg\" alt=\"Garten\" width=\"640\" height=\"216\" \/><\/a>\n<p>Se d\u00e9tendre et oublier ses soucis en se baignant dans une eau d\u00e9licieusement chaude, avec le spectacle des montagnes grisonnes&#8230;<\/p>\n<h2>Nager par n\u2019importe quel temps<\/h2>\n<a href=\"https:\/\/web616.login-15.loginserver.ch\/wp-content\/uploads\/2014\/08\/schwimmen.jpg\" target=\"_blank\" rel=\"noopener\"><img loading=\"lazy\" decoding=\"async\" class=\"alignnone wp-image-464 size-large\" src=\"https:\/\/web616.login-15.loginserver.ch\/wp-content\/uploads\/2014\/08\/schwimmen-1024x345.jpg\" alt=\"Schwimmen bei jedem Wetter\" width=\"640\" height=\"215\" srcset=\"https:\/\/www.cresta.ch\/wp-content\/uploads\/2014\/08\/schwimmen-1024x345.jpg 1024w, https:\/\/www.cresta.ch\/wp-content\/uploads\/2014\/08\/schwimmen-300x100.jpg 300w, https:\/\/www.cresta.ch\/wp-content\/uploads\/2014\/08\/schwimmen-600x202.jpg 600w, https:\/\/www.cresta.ch\/wp-content\/uploads\/2014\/08\/schwimmen-250x84.jpg 250w, https:\/\/www.cresta.ch\/wp-content\/uploads\/2014\/08\/schwimmen.jpg 1920w\" sizes=\"auto, (max-width: 640px) 100vw, 640px\" \/><\/a>\n<p>Vous nagez dans une eau chaude et fumante m\u00eame et surtout s\u2019il pleut, neige ou vente&#8230;<\/p>\n<h2>Biopool<\/h2>\n<a href=\"https:\/\/web616.login-15.loginserver.ch\/wp-content\/uploads\/2014\/08\/teich.jpg\" target=\"_blank\" rel=\"noopener\"><img loading=\"lazy\" decoding=\"async\" class=\"alignnone wp-image-466 size-large\" src=\"https:\/\/web616.login-15.loginserver.ch\/wp-content\/uploads\/2014\/08\/teich-1024x346.jpg\" alt=\"Schwimmteich\" width=\"640\" height=\"216\" srcset=\"https:\/\/www.cresta.ch\/wp-content\/uploads\/2014\/08\/teich-1024x346.jpg 1024w, https:\/\/www.cresta.ch\/wp-content\/uploads\/2014\/08\/teich-300x100.jpg 300w, https:\/\/www.cresta.ch\/wp-content\/uploads\/2014\/08\/teich-600x203.jpg 600w, https:\/\/www.cresta.ch\/wp-content\/uploads\/2014\/08\/teich-250x84.jpg 250w, https:\/\/www.cresta.ch\/wp-content\/uploads\/2014\/08\/teich.jpg 1920w\" sizes=\"auto, (max-width: 640px) 100vw, 640px\" \/><\/a>\n<p>L\u2019eau de notre biopool est nettoy\u00e9e tout naturellement par les plantes, les petits animaux aquatiques et les pierres de lave, claire et douce comme celle d\u2019un lac de montagne. En \u00e9t\u00e9 l\u2019eau atteint une temp\u00e9rature de 16\u00b0 \u00e0 25\u00b0. En hiver elle est le plus souvent gel\u00e9e, de toutes fa\u00e7ons trop froide pour se baigner \u00e0 moins que vous n\u2019en profitiez pour faire un rapide plongeon apr\u00e8s la sauna.<\/p>\n<h2>Bains de pieds Kneipp<\/h2>\n<a href=\"https:\/\/web616.login-15.loginserver.ch\/wp-content\/uploads\/2014\/08\/kneipp.jpg\" target=\"_blank\" rel=\"noopener\"><img loading=\"lazy\" decoding=\"async\" class=\"alignnone wp-image-738 size-large\" src=\"https:\/\/web616.login-15.loginserver.ch\/wp-content\/uploads\/2014\/08\/kneipp-1024x346.jpg\" alt=\"Kneipp Brunnen\" width=\"640\" height=\"216\" srcset=\"https:\/\/www.cresta.ch\/wp-content\/uploads\/2014\/08\/kneipp-1024x346.jpg 1024w, https:\/\/www.cresta.ch\/wp-content\/uploads\/2014\/08\/kneipp-300x100.jpg 300w, https:\/\/www.cresta.ch\/wp-content\/uploads\/2014\/08\/kneipp-600x203.jpg 600w, https:\/\/www.cresta.ch\/wp-content\/uploads\/2014\/08\/kneipp-250x84.jpg 250w, https:\/\/www.cresta.ch\/wp-content\/uploads\/2014\/08\/kneipp.jpg 1920w\" sizes=\"auto, (max-width: 640px) 100vw, 640px\" \/><\/a>\n<p>L\u2019alternance de l\u2019eau froide et chaude procure \u00e0 vos pieds un soulagement imm\u00e9diat, id\u00e9al apr\u00e8s une longue randonn\u00e9e en montagne ou une journ\u00e9e de ski.<\/p>\n<h2>Bains de bulles<\/h2>\n<a href=\"https:\/\/web616.login-15.loginserver.ch\/wp-content\/uploads\/2014\/08\/wellness11.jpg\" target=\"_blank\" rel=\"noopener\"><img loading=\"lazy\" decoding=\"async\" class=\"alignnone wp-image-458 size-large\" src=\"https:\/\/web616.login-15.loginserver.ch\/wp-content\/uploads\/2014\/08\/wellness11-1024x346.jpg\" alt=\"Whirlpools\" width=\"640\" height=\"216\" \/><\/a>\n<p>Deux bains de bulles individuels sont \u00e0 votre disposition. La baignoire est rinc\u00e9e avant chaque utilisation et remplie d\u2019eau propre. Vous pouvez vous procurer des jetons pour les bains de bulles \u00e0 la r\u00e9ception.<\/p>\n<p><\/p>","protected":false},"excerpt":{"rendered":"<p>&nbsp; Dans l&rsquo;eau Notre wellness vous attend au milieu d\u2019une nature intacte, devant un panorama splendide. Venez vous ressourcer et puiser dans nos bassins la force et le calme de la montagne. Wellness Pool Notre piscine ext\u00e9rieure est chauff\u00e9e en permanence, en hiver \u00e0 34\u00b0 et en \u00e9t\u00e9 \u00e0 30\u00b0. L\u2019eau est d\u00e9sinfect\u00e9e gr\u00e2ce \u00e0&#8230;  <a class=\"excerpt-read-more\" href=\"https:\/\/www.cresta.ch\/fr\/wellness\/wasser\/\" title=\"Read Dans l&rsquo;eau\">Read more &raquo;<\/a><\/p>\n","protected":false},"author":1,"featured_media":0,"parent":11,"menu_order":17,"comment_status":"open","ping_status":"closed","template":"tp-wellness.php","meta":{"ngg_post_thumbnail":0,"footnotes":"","_links_to":"","_links_to_target":""},"class_list":["post-76","page","type-page","status-publish","hentry"],"_links":{"self":[{"href":"https:\/\/www.cresta.ch\/fr\/wp-json\/wp\/v2\/pages\/76","targetHints":{"allow":["GET"]}}],"collection":[{"href":"https:\/\/www.cresta.ch\/fr\/wp-json\/wp\/v2\/pages"}],"about":[{"href":"https:\/\/www.cresta.ch\/fr\/wp-json\/wp\/v2\/types\/page"}],"author":[{"embeddable":true,"href":"https:\/\/www.cresta.ch\/fr\/wp-json\/wp\/v2\/users\/1"}],"replies":[{"embeddable":true,"href":"https:\/\/www.cresta.ch\/fr\/wp-json\/wp\/v2\/comments?post=76"}],"version-history":[{"count":5,"href":"https:\/\/www.cresta.ch\/fr\/wp-json\/wp\/v2\/pages\/76\/revisions"}],"predecessor-version":[{"id":6103,"href":"https:\/\/www.cresta.ch\/fr\/wp-json\/wp\/v2\/pages\/76\/revisions\/6103"}],"up":[{"embeddable":true,"href":"https:\/\/www.cresta.ch\/fr\/wp-json\/wp\/v2\/pages\/11"}],"wp:attachment":[{"href":"https:\/\/www.cresta.ch\/fr\/wp-json\/wp\/v2\/media?parent=76"}],"curies":[{"name":"wp","href":"https:\/\/api.w.org\/{rel}","templated":true}]}}