
	
{"id":770,"date":"2022-06-25T18:45:50","date_gmt":"2022-06-25T16:45:50","guid":{"rendered":"http:\/\/web616.login-15.loginserver.ch\/?page_id=770"},"modified":"2025-07-31T11:05:52","modified_gmt":"2025-07-31T09:05:52","slug":"tagespreise","status":"publish","type":"page","link":"https:\/\/www.cresta.ch\/fr\/preise\/tagespreise\/","title":{"rendered":"Prix journaliers"},"content":{"rendered":"<p><\/p>\n<h1>Prix indicatifs des chambres<\/h1>\n<p><code>{events_calendar; categories=\"13,14,15,16,18,19\"}<\/code><\/p>\n<h2>Prix journaliers \u00e9t\u00e9(1\/2 pension incl.)<\/h2>\n\n<table id=\"tablepress-11\" class=\"tablepress tablepress-id-11\">\n<tbody>\n<tr class=\"row-1\">\n\t<td class=\"column-1\">Moyenne saison<\/td><td class=\"column-2\">Haute saison<\/td>\n<\/tr>\n<tr class=\"row-2\">\n\t<td class=\"column-1\">CHF 134.-<\/td><td class=\"column-2\">CHF 144.-<\/td>\n<\/tr>\n<tr class=\"row-3\">\n\t<td class=\"column-1\"><span class=\"eurofxref-conversion-rate\" style=\"cursor:help;border-bottom:1px dotted gray;\" title=\"1 CHF = 1,0858 EUR\">&euro;&nbsp;145,49<\/span><span class=\"eurofxref-append-string\">&nbsp;*<\/span><\/td><td class=\"column-2\"><span class=\"eurofxref-conversion-rate\" style=\"cursor:help;border-bottom:1px dotted gray;\" title=\"1 CHF = 1,0858 EUR\">&euro;&nbsp;156,35<\/span><span class=\"eurofxref-append-string\">&nbsp;*<\/span><\/td>\n<\/tr>\n<tr class=\"row-4\">\n\t<td class=\"column-1\">22.05. - 04.07.25<br \/>\n24.08. - 19.10.25<\/td><td class=\"column-2\">04.07. - 24.08.25<\/td>\n<\/tr>\n<\/tbody>\n<\/table>\n<!-- #tablepress-11 from cache -->\n<h2>Prix journaliers hiver (1\/2 pension incl.)<\/h2>\n\n<table id=\"tablepress-9\" class=\"tablepress tablepress-id-9\">\n<tbody>\n<tr class=\"row-1\">\n\t<td class=\"column-1\">Basse<\/td><td class=\"column-2\">Moyenne<\/td><td class=\"column-3\">Haute<\/td><td class=\"column-4\">Top<\/td>\n<\/tr>\n<tr class=\"row-2\">\n\t<td class=\"column-1\">CHF 140.00<\/td><td class=\"column-2\">CHF 150.00<\/td><td class=\"column-3\">CHF 160.00<\/td><td class=\"column-4\">CHF 170.00<\/td>\n<\/tr>\n<tr class=\"row-3\">\n\t<td class=\"column-1\"><span class=\"eurofxref-conversion-rate\" style=\"cursor:help;border-bottom:1px dotted gray;\" title=\"1 CHF = 1,0858 EUR\">&euro;&nbsp;152,01<\/span><span class=\"eurofxref-append-string\">&nbsp;*<\/span><\/td><td class=\"column-2\"><span class=\"eurofxref-conversion-rate\" style=\"cursor:help;border-bottom:1px dotted gray;\" title=\"1 CHF = 1,0858 EUR\">&euro;&nbsp;162,87<\/span><span class=\"eurofxref-append-string\">&nbsp;*<\/span><\/td><td class=\"column-3\"><span class=\"eurofxref-conversion-rate\" style=\"cursor:help;border-bottom:1px dotted gray;\" title=\"1 CHF = 1,0858 EUR\">&euro;&nbsp;173,72<\/span><span class=\"eurofxref-append-string\">&nbsp;*<\/span><\/td><td class=\"column-4\"><span class=\"eurofxref-conversion-rate\" style=\"cursor:help;border-bottom:1px dotted gray;\" title=\"1 CHF = 1,0858 EUR\">&euro;&nbsp;184,58<\/span><span class=\"eurofxref-append-string\">&nbsp;*<\/span><\/td>\n<\/tr>\n<tr class=\"row-4\">\n\t<td class=\"column-1\">20.12.2024 - 24.12.2024<br \/>\n30.03.2025 - 21.04.2025<\/td><td class=\"column-2\">05.01.2025 - 17.01.2025<br \/>\n16.03.2025 - 30.03.2025<\/td><td class=\"column-3\">17.01.2025 - 14.02.2025<br \/>\n09.03.2025 - 16.03.2025<\/td><td class=\"column-4\">24.12.2024 - 05.01.2025<br \/>\n14.02.2025 - 09.03.2025<\/td>\n<\/tr>\n<\/tbody>\n<\/table>\n<!-- #tablepress-9 from cache -->\n<p><em>* <span id=\"result_box\" class=\"\" lang=\"fr\"><span class=\"hps\">Taux de<\/span> <span class=\"hps\">conversion bas\u00e9 sur<\/span> <span class=\"hps\">la r\u00e9f\u00e9rence<\/span> <span class=\"hps\">de la <a title=\"BCE\" href=\"https:\/\/www.ecb.europa.eu\/stats\/exchange\/eurofxref\/html\/index.en.html\" target=\"_blank\" rel=\"noopener noreferrer\">ECB<\/a>. Change de l&rsquo;Euro au taux du jour de notre banque GKB Flims.<\/span><\/span><\/em><\/p>\n<h3>Nos services inclusifes<\/h3>\n<ul>\n<li>dles prix ci-dessus sont des prix indicatifs pour l&rsquo;h\u00e9bergement en <strong>chambre double standard<\/strong> dans l&rsquo;une de nos maisons connect\u00e9es (Cresta, Juliana et Selva)<\/li>\n<li>toutes les chambres sont \u00e9quip\u00e9es de bain ou douche, WC, TV, radio, t\u00e9l\u00e9phone et coffre-fort<\/li>\n<li>WiFi est disponible gratuitement dans tout l&rsquo;h\u00f4tel<\/li>\n<li>y compris <strong>la demi-pension<\/strong>, c.-\u00e0-d. buffet de petit-d\u00e9jeuner riche et d\u00eener \u00e0 4 plats au choix<\/li>\n<li>Utilisation de notre magnifique espace wellness \u00ab\u00a0Auas Sparsas\u00a0\u00bb<\/li>\n<li>Carte d&rsquo;h\u00f4te pour l&rsquo;utilisation gratuite des bus locaux et r\u00e9ductions suppl\u00e9mentaires<\/li>\n<\/ul>\n<p>&nbsp;<\/p>\n<p>et en plus pendant <strong>la saison d&rsquo;hiver<\/strong><\/p>\n<ul>\n<li>Navette de l&rsquo;h\u00f4tel jusqu&rsquo;\u00e0 la station des remont\u00e9es m\u00e9caniques de Flims<\/li>\n<\/ul>\n<hr>\n<div class=\"ezcol ezcol-one-half\">\n<h3>Suppl\u00e9ments cat\u00e9gories de chambres<\/h3>\n<p>(par personne et nuit)<\/p>\n<ul>\n<li>Chambre individuelle CHF 15.00<\/li>\n<li>Chambre dobuble utilistation seule CHF 40.00<\/li>\n<li>Chambre double sup\u00e9rieure CHF 20.00<br \/>\n(plus grande que nos chambres standard)<\/li>\n<\/ul>\n<\/div> <div class=\"ezcol ezcol-one-half ezcol-last\">\n<h3>R\u00e9duction Chalet Alpine<\/h3>\n<ul>\n<li>CHF 10.00 par personne et par nuit<br \/>\nSelon la situation de la r\u00e9servation, la r\u00e9duction n&rsquo;est pas applicable, surtout en haute et haute saison et le week-end.<br \/>\nLes chambres du Chalet Alpine sont situ\u00e9es dans un chalet ext\u00e9rieur, non raccord\u00e9, \u00e0 environ 80 m\u00e8tres de la maison principale Cresta.<\/li>\n<\/ul>\n<\/div><div class=\"ezcol-divider\"><\/div><\/p>\n<hr>\n<div class=\"ezcol ezcol-one-half\">\n<h3>Nuit\u00e9e avec petit d\u00e9jeuner, sans d\u00eener<\/h3>\n<ul>\n<li>R\u00e9duction de CHF 38.00 par personne et par nuit\u00e9e<br \/>\nPendant la haute saison, une r\u00e9servation avec demi-pension peut \u00eatre obligatoire.<\/li>\n<\/ul>\n<\/div> <div class=\"ezcol ezcol-one-half ezcol-last\">\n<h3>Courts s\u00e9jours<\/h3>\n<p>(jusqu&rsquo;\u00e0 3 nuits incluses)<\/p>\n<ul>\n<li>Suppl\u00e9ment CHF 10.00 par personne et par nuit<\/li>\n<\/ul>\n<\/div><div class=\"ezcol-divider\"><\/div><\/p>\n<hr>\n<div class=\"ezcol ezcol-one-half\">\n<h3>Tarifs famille<\/h3>\n<ul>\n<li>Enfants dans la chambre des parents<br \/>\n0-2 ans (sans lit b\u00e9b\u00e9) gratuit<br \/>\n0-2 ans (avec lit b\u00e9b\u00e9) CHF 20.00\/nuit<br \/>\n3-5 ans 70 % de r\u00e9duction<br \/>\n6-11 ans 50 % de r\u00e9duction<br \/>\n12-15 ans 30% de r\u00e9duction<br \/>\nLes r\u00e9ductions se r\u00e9f\u00e8rent aux prix mentionn\u00e9s ci-dessus pour la cat\u00e9gorie de chambre correspondante.<\/li>\n<li>Enfants dans leur propre chambre : Prix sur demande<\/li>\n<li>Chambre familiale avec chambre d&rsquo;enfant s\u00e9par\u00e9e ou avec porte communicante : prix sur demande<br \/>\n<\/div> <div class=\"ezcol ezcol-one-half ezcol-last\"><\/li>\n<\/ul>\n<h3>Places de stationnement<\/h3>\n<ul>\n<li>Des places de stationnement ext\u00e9rieur sont disponibles gratuitement, \u00e9t\u00e9 comme hiver.<\/li>\n<li>Les places de garage sont disponibles en nombre limit\u00e9.<br \/>\nCHF 15.00 par emplacement et par nuit<\/li>\n<\/ul>\n<h3>Chiens<\/h3>\n<ul>\n<li>max. 1 animal par chambre, CHF 15.00 par nuit sans nourriture<\/li>\n<li>Les chiens ne sont pas admis dans la salle \u00e0 manger \/ salle de petit-d\u00e9jeuner ou dans l&rsquo;espace wellness<\/li>\n<\/ul>\n<\/div><div class=\"ezcol-divider\"><\/div><\/p>\n<hr>\n<ul>\n<li><strong>Check In<\/strong>: 14.00 h, <strong>check out<\/strong> 11.00 h.<\/li>\n<li>Sous r\u00e9serve de changements de prix.<\/li>\n<li>Prix pour groupes sur demande.<\/li>\n<li>Nous <strong>acceptons<\/strong>:Visa, Eurocard, Diners, Manor, Reka, Postcard, EC-direct.<\/li>\n<\/ul>\n<h2 style=\"text-align: left;\" align=\"center\">Espace &#8211; Wellness<\/h2>\n<p>Pour les clients de l&rsquo;h\u00f4tel l&rsquo;utilisation de notre Wellness avec <strong>sauna, bains de vapeur, sanarium, caldarium, sauna cabanne grisonne, sauna saline, fontaine Kneipp, bain de vapeur aux herbes<\/strong>, <strong>2 piscines ext\u00e9rieures<\/strong> (1 chauff\u00e9e (33\u00b0 C hiver\/28\u00b0C \u00e9t\u00e9, l&rsquo;autre bio, froide) et <strong>fitness<\/strong> est gratuite. <strong>Massages, solarium<\/strong> et <strong>bain \u00e0 bulles individuels contre paiement.<\/strong><\/p>","protected":false},"excerpt":{"rendered":"<p>Prix indicatifs des chambres {events_calendar; categories=\u00a0\u00bb13,14,15,16,18,19&Prime;} Prix journaliers \u00e9t\u00e9(1\/2 pension incl.) Prix journaliers hiver (1\/2 pension incl.) * Taux de conversion bas\u00e9 sur la r\u00e9f\u00e9rence de la ECB. Change de l&rsquo;Euro au taux du jour de notre banque GKB Flims. Nos services inclusifes dles prix ci-dessus sont des prix indicatifs pour l&rsquo;h\u00e9bergement en chambre double&#8230;  <a class=\"excerpt-read-more\" href=\"https:\/\/www.cresta.ch\/fr\/preise\/tagespreise\/\" title=\"Read Prix journaliers\">Read more &raquo;<\/a><\/p>\n","protected":false},"author":1,"featured_media":0,"parent":41,"menu_order":10,"comment_status":"open","ping_status":"open","template":"tp-preise.php","meta":{"ngg_post_thumbnail":0,"footnotes":"","_links_to":"","_links_to_target":""},"class_list":["post-770","page","type-page","status-publish","hentry"],"_links":{"self":[{"href":"https:\/\/www.cresta.ch\/fr\/wp-json\/wp\/v2\/pages\/770","targetHints":{"allow":["GET"]}}],"collection":[{"href":"https:\/\/www.cresta.ch\/fr\/wp-json\/wp\/v2\/pages"}],"about":[{"href":"https:\/\/www.cresta.ch\/fr\/wp-json\/wp\/v2\/types\/page"}],"author":[{"embeddable":true,"href":"https:\/\/www.cresta.ch\/fr\/wp-json\/wp\/v2\/users\/1"}],"replies":[{"embeddable":true,"href":"https:\/\/www.cresta.ch\/fr\/wp-json\/wp\/v2\/comments?post=770"}],"version-history":[{"count":6,"href":"https:\/\/www.cresta.ch\/fr\/wp-json\/wp\/v2\/pages\/770\/revisions"}],"predecessor-version":[{"id":6155,"href":"https:\/\/www.cresta.ch\/fr\/wp-json\/wp\/v2\/pages\/770\/revisions\/6155"}],"up":[{"embeddable":true,"href":"https:\/\/www.cresta.ch\/fr\/wp-json\/wp\/v2\/pages\/41"}],"wp:attachment":[{"href":"https:\/\/www.cresta.ch\/fr\/wp-json\/wp\/v2\/media?parent=770"}],"curies":[{"name":"wp","href":"https:\/\/api.w.org\/{rel}","templated":true}]}}