
	
{"id":773,"date":"2022-07-22T11:22:55","date_gmt":"2022-07-22T09:22:55","guid":{"rendered":"http:\/\/web616.login-15.loginserver.ch\/?page_id=773"},"modified":"2023-04-26T11:07:55","modified_gmt":"2023-04-26T09:07:55","slug":"hotelpauschale-mit-skipass","status":"publish","type":"page","link":"https:\/\/www.cresta.ch\/fr\/preise\/hotelpauschale-mit-skipass\/","title":{"rendered":"Arrangements avec billets de ski"},"content":{"rendered":"<p><\/p>\n<h1><span class=\"nav_02_hi\">Arrangements forfaitaires <\/span>hiver, abonnements de ski inclus<\/h1>\n<p><code>{events_calendar; categories=\"13,14,15,16\"}<\/code><\/p>\n\n<table id=\"tablepress-7\" class=\"tablepress tablepress-id-7\">\n<tbody>\n<tr class=\"row-1\">\n\t<td class=\"column-1\">Forfaits Hiver<br \/>\n23\/24<\/td><td class=\"column-2\">Basse<\/td><td class=\"column-3\">Moyenne<\/td>\n<\/tr>\n<tr class=\"row-2\">\n\t<td class=\"column-1\"><\/td><td class=\"column-2\">20.12.-24.12.2024<br \/>\n30.03.-21.04.2025<\/td><td class=\"column-3\">06.01.-24.01.2025<br \/>\n10.03.-30.03.2025<\/td>\n<\/tr>\n<tr class=\"row-3\">\n\t<td class=\"column-1\"><strong>\"Semaine de<br \/>\nski Cresta\"<\/strong><br \/>\n7 nuits avec <br \/>\ndemi-pension<br \/>\n&amp; 6 jours d\u2019abo ski<br \/>\nJour d'Arriv\u00e9e: Di<\/td><td class=\"column-2\">CHF 1209.00<br \/>\n<span class=\"eurofxref-conversion-rate\" style=\"cursor:help;border-bottom:1px dotted gray;\" title=\"1 CHF = 1,0820 EUR\">&euro;&nbsp;1.308,16<\/span><span class=\"eurofxref-append-string\">&nbsp;*<\/span><\/td><td class=\"column-3\">CHF 1269.00<br \/>\n<span class=\"eurofxref-conversion-rate\" style=\"cursor:help;border-bottom:1px dotted gray;\" title=\"1 CHF = 1,0820 EUR\">&euro;&nbsp;1.373,08<\/span><span class=\"eurofxref-append-string\">&nbsp;*<\/span><\/td>\n<\/tr>\n<tr class=\"row-4\">\n\t<td class=\"column-1\"><strong>\"Cresta 5\"<\/strong><br \/>\n5 nuits avec<br \/>\ndemi-pension<br \/>\n&amp; 5 jours d\u2019abo <br \/>\nski <br \/>\nJour d'Arriv\u00e9e: Di<\/td><td class=\"column-2\">CHF 937.00<br \/>\n<span class=\"eurofxref-conversion-rate\" style=\"cursor:help;border-bottom:1px dotted gray;\" title=\"1 CHF = 1,0820 EUR\">&euro;&nbsp;1.013,85<\/span><span class=\"eurofxref-append-string\">&nbsp;*<\/span><\/td><td class=\"column-3\">CHF 980.00<br \/>\n<span class=\"eurofxref-conversion-rate\" style=\"cursor:help;border-bottom:1px dotted gray;\" title=\"1 CHF = 1,0820 EUR\">&euro;&nbsp;1.060,38<\/span><span class=\"eurofxref-append-string\">&nbsp;*<\/span><\/td>\n<\/tr>\n<tr class=\"row-5\">\n\t<td class=\"column-1\"><strong>\"Cresta 4\"<\/strong><br \/>\n4 nuits avec <br \/>\ndemi-pension<br \/>\n&amp; 4 jours d\u2019abo <br \/>\nski (Jours d'arriv\u00e9e Di\/Lu)<\/td><td class=\"column-2\">CHF 756.00<br \/>\n<span class=\"eurofxref-conversion-rate\" style=\"cursor:help;border-bottom:1px dotted gray;\" title=\"1 CHF = 1,0820 EUR\">&euro;&nbsp;818,00<\/span><span class=\"eurofxref-append-string\">&nbsp;*<\/span><\/td><td class=\"column-3\">CHF 790.00<br \/>\n<span class=\"eurofxref-conversion-rate\" style=\"cursor:help;border-bottom:1px dotted gray;\" title=\"1 CHF = 1,0820 EUR\">&euro;&nbsp;854,79<\/span><span class=\"eurofxref-append-string\">&nbsp;*<\/span><\/td>\n<\/tr>\n<tr class=\"row-6\">\n\t<td class=\"column-1\"><strong>\"Cresta 3\"<\/strong><br \/>\n3 nuits avec <br \/>\ndemi-pension<br \/>\n&amp; 3 jours d'abo ski<br \/>\n(Jours d'arriv\u00e9e Di\/Lu\/Ma <\/td><td class=\"column-2\">CHF 626.00<br \/>\n<span class=\"eurofxref-conversion-rate\" style=\"cursor:help;border-bottom:1px dotted gray;\" title=\"1 CHF = 1,0820 EUR\">&euro;&nbsp;677,34<\/span><span class=\"eurofxref-append-string\">&nbsp;*<\/span><\/td><td class=\"column-3\">CHF 653.00<br \/>\n<span class=\"eurofxref-conversion-rate\" style=\"cursor:help;border-bottom:1px dotted gray;\" title=\"1 CHF = 1,0820 EUR\">&euro;&nbsp;706,56<\/span><span class=\"eurofxref-append-string\">&nbsp;*<\/span><\/td>\n<\/tr>\n<\/tbody>\n<\/table>\n<!-- #tablepress-7 from cache -->\n<p><em>* <span id=\"result_box\" class=\"\" lang=\"fr\"><span class=\"hps\">Taux de<\/span> <span class=\"hps\">conversion bas\u00e9 sur<\/span> <span class=\"hps\">la r\u00e9f\u00e9rence<\/span> <span class=\"hps\">de la <a title=\"BCE\" href=\"https:\/\/www.ecb.europa.eu\/stats\/exchange\/eurofxref\/html\/index.en.html\" target=\"_blank\" rel=\"noopener noreferrer\">ECB<\/a><\/span><\/span><\/em><\/p>\n<ul>\n<li>Tout les prix sont en <strong>SFr<\/strong>. Le change en <strong>Euro<\/strong> est seulement approximatif et eff\u00e9ctu\u00e9 au taux de change du jour de la banque <strong><em>\u201e<\/em><\/strong>GKB<strong><em>\u201d<\/em><\/strong> de Flims.<\/li>\n<li><strong>\u201eSemaine de ski Cresta\u201c:<\/strong> Arriv\u00e9e et d\u00e9part possibles les vendredis, samedis et dimanches.<\/li>\n<li>Les prix s\u2019entendent par personne dans une <strong>chambre double type \u201e Standard\u201c.<\/strong><\/li>\n<li>Suppl\u00e9ment pour <strong>chambre individuelle:<\/strong> SFr. 15.- par nuit (double comme single SFr. 40.- par nuit).<\/li>\n<li>Suppl\u00e9ment pour <strong>chambre sup\u00e9rieure:<\/strong> SFr. 20.- par nuit et pers.<\/li>\n<li>R\u00e9duction pour <strong>chambre au Chalet:<\/strong> Sfr. 10.- par personne et par nuit. (Sauf Haute-, Top Saison &amp; Weekend)<\/li>\n<li>Les <strong>abonnements de ski<\/strong> sont en g\u00e9n\u00e9ral valables \u00e0 partir du jour suivant l\u2019arriv\u00e9e.<\/li>\n<li>Tarifs pour <strong>enfants<\/strong> sur demande.<\/li>\n<li>Sous r\u00e9serve de changements de prix.<\/li>\n<\/ul>\n<p>&nbsp;<\/p>\n<h2>Sont compris dans ces arrangements forfaitaires:<\/h2>\n<ul>\n<li>Chambre double standard avec bain ou douche, WC, radio, t\u00e9l\u00e9phone, TV, safe dans une de nos maisons Cresta, Juliana, Selva ou Rosina.<\/li>\n<li>Demi-pension, c.-\u00e0.-d. buffet de petit d\u00e9jeuner et d\u00eener 4 services.<\/li>\n<li>Abonnements de ski pour Flims\/Laax\/Falera pour une s\u00e9rie de jours cons\u00e9cutifs.<\/li>\n<li>Utilisation de notre wellness \u201eAuas Sparsas\u201c.<\/li>\n<li>Bus de l\u2019h\u00f4tel gratuit, navette locale gratuite.<\/li>\n<li>Toutes les taxes, \u00e9galement la TVA.<\/li>\n<\/ul>\n<p><\/p>","protected":false},"excerpt":{"rendered":"<p>Arrangements forfaitaires hiver, abonnements de ski inclus {events_calendar; categories=\u00a0\u00bb13,14,15,16&Prime;} * Taux de conversion bas\u00e9 sur la r\u00e9f\u00e9rence de la ECB Tout les prix sont en SFr. Le change en Euro est seulement approximatif et eff\u00e9ctu\u00e9 au taux de change du jour de la banque \u201eGKB\u201d de Flims. \u201eSemaine de ski Cresta\u201c: Arriv\u00e9e et d\u00e9part possibles&#8230;  <a class=\"excerpt-read-more\" href=\"https:\/\/www.cresta.ch\/fr\/preise\/hotelpauschale-mit-skipass\/\" title=\"Read Arrangements avec billets de ski\">Read more &raquo;<\/a><\/p>\n","protected":false},"author":1,"featured_media":3930,"parent":41,"menu_order":11,"comment_status":"open","ping_status":"closed","template":"tp-preise.php","meta":{"ngg_post_thumbnail":0,"footnotes":"","_links_to":"","_links_to_target":""},"class_list":["post-773","page","type-page","status-publish","has-post-thumbnail","hentry"],"_links":{"self":[{"href":"https:\/\/www.cresta.ch\/fr\/wp-json\/wp\/v2\/pages\/773","targetHints":{"allow":["GET"]}}],"collection":[{"href":"https:\/\/www.cresta.ch\/fr\/wp-json\/wp\/v2\/pages"}],"about":[{"href":"https:\/\/www.cresta.ch\/fr\/wp-json\/wp\/v2\/types\/page"}],"author":[{"embeddable":true,"href":"https:\/\/www.cresta.ch\/fr\/wp-json\/wp\/v2\/users\/1"}],"replies":[{"embeddable":true,"href":"https:\/\/www.cresta.ch\/fr\/wp-json\/wp\/v2\/comments?post=773"}],"version-history":[{"count":5,"href":"https:\/\/www.cresta.ch\/fr\/wp-json\/wp\/v2\/pages\/773\/revisions"}],"predecessor-version":[{"id":5537,"href":"https:\/\/www.cresta.ch\/fr\/wp-json\/wp\/v2\/pages\/773\/revisions\/5537"}],"up":[{"embeddable":true,"href":"https:\/\/www.cresta.ch\/fr\/wp-json\/wp\/v2\/pages\/41"}],"wp:featuredmedia":[{"embeddable":true,"href":"https:\/\/www.cresta.ch\/fr\/wp-json\/wp\/v2\/media\/3930"}],"wp:attachment":[{"href":"https:\/\/www.cresta.ch\/fr\/wp-json\/wp\/v2\/media?parent=773"}],"curies":[{"name":"wp","href":"https:\/\/api.w.org\/{rel}","templated":true}]}}