
	
{"id":9,"date":"2022-06-25T09:15:59","date_gmt":"2022-06-25T07:15:59","guid":{"rendered":"http:\/\/web616.login-15.loginserver.ch\/?page_id=9"},"modified":"2025-11-25T10:40:21","modified_gmt":"2025-11-25T08:40:21","slug":"zimmer-hotel-flims","status":"publish","type":"page","link":"https:\/\/www.cresta.ch\/fr\/zimmer-hotel-flims\/","title":{"rendered":"Chambres"},"content":{"rendered":"<p><\/p>\n<h1>Nos cat\u00e9gories de chambres<br \/>\n\u00e0 l&rsquo;h\u00f4tel Cresta Flims<\/h1>\n<h2><a href=\"https:\/\/www.cresta.ch\/wp-content\/uploads\/2014\/09\/plan.gif\" target=\"_blank\" rel=\"noopener noreferrer\"><img loading=\"lazy\" decoding=\"async\" class=\"wp-image-317 size-full aligncenter\" src=\"https:\/\/www.cresta.ch\/wp-content\/uploads\/2014\/09\/plan.gif\" alt=\"Lageplan der Liegenschaften Hotel Cresta\" width=\"500\" height=\"307\"><\/a><\/h2>\n<h2>Chambres de cat\u00e9gorie standard<\/h2>\n<p>ngg_shortcode_8_placeholder<strong>D\u00e9tails des chambres:<\/strong><\/p>\n<div class=\"ezcol ezcol-one-third\">\n<ul>\n<li>Chambre simple env. 12m2<\/li>\n<li>Chambre double env. 17m2<\/li>\n<li>Matelas de 90x200cm, certaines chambres disposent de matelas de 160x200cm<\/li>\n<li>Moquette, quelques chambres disposent d&rsquo;un carrelage\/sol stratifi\u00e9<\/div><div class=\"ezcol ezcol-one-third\"><\/li>\n<li>T\u00e9l\u00e9phone<\/li>\n<li>TV<\/li>\n<li>WiFi<\/li>\n<li>Coffre-fort dans la chambre<\/div><div class=\"ezcol ezcol-one-third ezcol-last\"><\/li>\n<\/ul>\n<ul>\n<li>Douche ou bain<\/li>\n<li>WC, S\u00e8che-cheveux&nbsp;<\/li>\n<li>Peignoir peut \u00eatre lou\u00e8 \u00e0 la reception au prix de CHF10.00<\/div><div class=\"ezcol-divider\"><\/div><\/li>\n<\/ul>\n<p>&nbsp;<\/p>\n<p>Nos chambres standard confortables sont toutes de tailles et de styles diff\u00e9rents. Il existe de nombreuses variantes, du style moderne au style campagnard confortable, en passant par des chambres avec des meubles anciens. Les chambres standard peuvent \u00eatre r\u00e9serv\u00e9es avec ou sans balcon et se trouvent dans les trois maisons reli\u00e9es entre elles de l&rsquo;h\u00f4tel Cresta \u00e0 Flims (maison principale Cresta, Casa Juliana, Villa Selva). Vous avez ainsi la garantie d&rsquo;un acc\u00e8s souterrain et prot\u00e9g\u00e9 des intemp\u00e9ries \u00e0 notre espace bien-\u00eatre unique \u00e0 Flims et aux autres espaces publics.<\/p>\n<hr>\n<h2>Chambres de cat\u00e9gorie sup\u00e9rieure<\/h2>\n<p>ngg_shortcode_9_placeholder<strong>D\u00e9tails des chambres:<\/strong><br \/>\n<div class=\"ezcol ezcol-one-third\">\n<ul>\n<li>Taille de la chambre min. 24 m2<\/li>\n<li>Matelas 90x200cm, une chambre dispose d&rsquo;un matelas de 160x200cm<\/li>\n<li>Moquette, quelques chambres disposent de parquet ou de carrelage<\/div><div class=\"ezcol ezcol-one-third\"><\/li>\n<li>T\u00e9l\u00e9phone<\/li>\n<li>TV<\/li>\n<li>WiFi<\/li>\n<li>Coffre-fort dans la chambre<\/div><div class=\"ezcol ezcol-one-third ezcol-last\"><\/li>\n<li>Douche ou bain<\/li>\n<li>WC, S\u00e8che-cheveux&nbsp;<\/li>\n<li>Peignoir peut \u00eatre lou\u00e8 \u00e0 la reception au prix de CHF10.00<\/div><div class=\"ezcol-divider\"><\/div><\/li>\n<\/ul>\n<p>&nbsp;<\/p>\n<p>L&rsquo;am\u00e9nagement des chambres sup\u00e9rieures est \u00e9quivalent \u00e0 celui des chambres standard. Les chambres sup\u00e9rieures sont toutefois plus grandes et offrent ainsi plus d&rsquo;espace pour profiter de vos vacances. Pratiquement toutes les chambres sup\u00e9rieures disposent d&rsquo;un balcon ou d&rsquo;une terrasse. Une chambre sup\u00e9rieure n&rsquo;a pas de balcon, mais dispose d&rsquo;une lucarne g\u00e9n\u00e9reuse, ce qui la rend tr\u00e8s lumineuse. Nous avons certainement une belle chambre pour vous, o\u00f9 vous vous sentirez bien&#8230;<\/p>\n<hr>\n<h2>Chambres de cat\u00e9gorie \u00e9conomique<\/h2>\n<p>ngg_shortcode_10_placeholder<strong>D\u00e9tails des chambres:<\/strong><\/p>\n<div class=\"ezcol ezcol-one-third\">\n<ul>\n<li>Chambre simple env. 12qm<\/li>\n<li>Chambre double env. 17m2<\/li>\n<li>Matelas de 90x200cm chacun<\/li>\n<li>Moquette<\/div> <div class=\"ezcol ezcol-one-third\"><\/li>\n<li>T\u00e9l\u00e9phone<\/li>\n<li>TV<\/li>\n<li>WiFi<\/li>\n<li>Coffre-fort dans la chambre<\/li>\n<\/ul>\n<\/div> <div class=\"ezcol ezcol-one-third ezcol-last\">\n<ul>\n<li>Douche ou bain<\/li>\n<li>WC, S\u00e8che-cheveux&nbsp;<\/li>\n<li>Peignoir peut \u00eatre lou\u00e8 \u00e0 la reception au prix de CHF10.00<\/li>\n<\/ul>\n<\/div><div class=\"ezcol-divider\"><\/div><\/p>\n<p>La plupart des chambres \u00e9conomiques se trouvent dans le chalet Rosina. Le Rosina est un joli chalet typique des Grisons, situ\u00e9 tr\u00e8s calmement \u00e0 environ 80 m\u00e8tres de la maison principale, dans un grand jardin ensoleill\u00e9. Le Rosina n&rsquo;est pas reli\u00e9 \u00e0 la maison principale, il faut donc passer par l&rsquo;ext\u00e9rieur pour manger et se baigner. C&rsquo;est aussi la raison pour laquelle nos chambres-chalets sont notre cat\u00e9gorie la moins ch\u00e8re, car du point de vue de l&rsquo;am\u00e9nagement, les chambres n&rsquo;ont rien \u00e0 envier \u00e0 nos autres cat\u00e9gories. Comme il se doit pour un chalet, il y a beaucoup de bois d&rsquo;\u00e9pic\u00e9a accueillant, les chambres sont hautes, lumineuses et ont presque toutes un balcon ou une terrasse.<\/p>\n<p>Veuillez noter que la majorit\u00e9 des chambres ne sont accessibles que par un escalier, qui est un peu plus raide que d&rsquo;habitude. En raison de la construction en bois typique des chalets, il se peut que l&rsquo;on per\u00e7oive plus de bruits de mouvements dans la maison.<\/p>\n<hr>\n<h2>Chambres triples et familiales<\/h2>\n<p>Peu importe que vous voyagiez en famille ou avec des coll\u00e8gues et que vous ayez besoin d&rsquo;espace pour plus de deux personnes. Vous vous sentirez certainement \u00e0 l&rsquo;aise dans nos chambres triples et nos chambres familiales. Nos chambres \u00e0 plusieurs lits sont toutes tr\u00e8s diff\u00e9rentes, parfois m\u00eame avec des chambres \u00e0 coucher s\u00e9par\u00e9es et des portes communicantes. En termes d&rsquo;\u00e9quipement, toutes les chambres familiales correspondent \u00e0 la cat\u00e9gorie standard et se trouvent dans tous les \u00e9tablissements.<\/p>\n<p>N&rsquo;h\u00e9sitez pas \u00e0 nous contacter directement, nous nous ferons un plaisir de vous proposer la meilleure variante possible. En raison des diff\u00e9rentes conditions, les chambres familiales pour plus de 3 personnes ne peuvent pas \u00eatre r\u00e9serv\u00e9es en ligne.<\/p>\n<p>ngg_shortcode_11_placeholder&nbsp;<\/p>","protected":false},"excerpt":{"rendered":"<p>Nos cat\u00e9gories de chambres \u00e0 l&rsquo;h\u00f4tel Cresta Flims Chambres de cat\u00e9gorie standard D\u00e9tails des chambres: &nbsp; Nos chambres standard confortables sont toutes de tailles et de styles diff\u00e9rents. Il existe de nombreuses variantes, du style moderne au style campagnard confortable, en passant par des chambres avec des meubles anciens. Les chambres standard peuvent \u00eatre r\u00e9serv\u00e9es&#8230;  <a class=\"excerpt-read-more\" href=\"https:\/\/www.cresta.ch\/fr\/zimmer-hotel-flims\/\" title=\"Read Chambres\">Read more &raquo;<\/a><\/p>\n","protected":false},"author":1,"featured_media":0,"parent":0,"menu_order":12,"comment_status":"open","ping_status":"closed","template":"tp-zimmer.php","meta":{"ngg_post_thumbnail":0,"footnotes":"","_links_to":"","_links_to_target":""},"class_list":["post-9","page","type-page","status-publish","hentry"],"_links":{"self":[{"href":"https:\/\/www.cresta.ch\/fr\/wp-json\/wp\/v2\/pages\/9","targetHints":{"allow":["GET"]}}],"collection":[{"href":"https:\/\/www.cresta.ch\/fr\/wp-json\/wp\/v2\/pages"}],"about":[{"href":"https:\/\/www.cresta.ch\/fr\/wp-json\/wp\/v2\/types\/page"}],"author":[{"embeddable":true,"href":"https:\/\/www.cresta.ch\/fr\/wp-json\/wp\/v2\/users\/1"}],"replies":[{"embeddable":true,"href":"https:\/\/www.cresta.ch\/fr\/wp-json\/wp\/v2\/comments?post=9"}],"version-history":[{"count":11,"href":"https:\/\/www.cresta.ch\/fr\/wp-json\/wp\/v2\/pages\/9\/revisions"}],"predecessor-version":[{"id":6197,"href":"https:\/\/www.cresta.ch\/fr\/wp-json\/wp\/v2\/pages\/9\/revisions\/6197"}],"wp:attachment":[{"href":"https:\/\/www.cresta.ch\/fr\/wp-json\/wp\/v2\/media?parent=9"}],"curies":[{"name":"wp","href":"https:\/\/api.w.org\/{rel}","templated":true}]}}